{"id":1594,"date":"2024-01-29T11:15:50","date_gmt":"2024-01-29T17:15:50","guid":{"rendered":"https:\/\/labtd.campeche.gob.mx\/?page_id=1594"},"modified":"2025-03-24T09:11:34","modified_gmt":"2025-03-24T15:11:34","slug":"alianzas","status":"publish","type":"page","link":"https:\/\/labtd.campeche.gob.mx\/?page_id=1594","title":{"rendered":"Alianzas"},"content":{"rendered":"<p>[et_pb_section fb_built=\u00bb1&#8243; _builder_version=\u00bb4.25.1&#8243; _module_preset=\u00bbdefault\u00bb background_color=\u00bb#9F2241&#8243; global_colors_info=\u00bb{}\u00bb][et_pb_row _builder_version=\u00bb4.19.2&#8243; _module_preset=\u00bbdefault\u00bb global_colors_info=\u00bb{}\u00bb][et_pb_column type=\u00bb4_4&#8243; _builder_version=\u00bb4.19.2&#8243; _module_preset=\u00bbdefault\u00bb global_colors_info=\u00bb{}\u00bb][et_pb_text _builder_version=\u00bb4.19.2&#8243; _module_preset=\u00bbdefault\u00bb header_font=\u00bb|600|on||||||\u00bb header_text_color=\u00bb#FFFFFF\u00bb animation_style=\u00bbfade\u00bb global_colors_info=\u00bb{}\u00bb]<\/p>\n<h1 style=\"text-align: center;\">Alianzas<\/h1>\n<p>[\/et_pb_text][\/et_pb_column][\/et_pb_row][\/et_pb_section][et_pb_section fb_built=\u00bb1&#8243; _builder_version=\u00bb4.19.2&#8243; _module_preset=\u00bbdefault\u00bb global_colors_info=\u00bb{}\u00bb][et_pb_row _builder_version=\u00bb4.19.2&#8243; _module_preset=\u00bbdefault\u00bb global_colors_info=\u00bb{}\u00bb][et_pb_column type=\u00bb4_4&#8243; _builder_version=\u00bb4.19.2&#8243; _module_preset=\u00bbdefault\u00bb global_colors_info=\u00bb{}\u00bb][et_pb_text _builder_version=\u00bb4.27.4&#8243; _module_preset=\u00bbdefault\u00bb text_text_color=\u00bb#6b6b6b\u00bb text_font_size=\u00bb18px\u00bb global_colors_info=\u00bb{}\u00bb]<\/p>\n<p style=\"text-align: justify;\">Las Empresas de Tecnolog\u00eda como Google, CISCO, Dahua, Huawei, Autodesk e Instituciones Internacionales como la Uni\u00f3n Internacional de Telecomunicaciones se encargan de capacitar y certificar a los estudiantes en nuevas habilidades en tecnolog\u00edas de frontera y tambi\u00e9n las empresas se har\u00e1n cargo de la instalaci\u00f3n y conformaci\u00f3n dentro de las Instituciones de Educaci\u00f3n Superior de los Laboratorios de Transformaci\u00f3n Digital.<\/p>\n<p>[\/et_pb_text][\/et_pb_column][\/et_pb_row][et_pb_row _builder_version=\u00bb4.27.4&#8243; _module_preset=\u00bbdefault\u00bb column_structure=\u00bb1_3,1_3,1_3&#8243;][et_pb_column _builder_version=\u00bb4.27.4&#8243; _module_preset=\u00bbdefault\u00bb type=\u00bb1_3&#8243;][et_pb_image src=\u00bbhttps:\/\/labtd.campeche.gob.mx\/wp-content\/uploads\/icn_gobierno.svg\u00bb _builder_version=\u00bb4.27.4&#8243; _module_preset=\u00bbdefault\u00bb hover_enabled=\u00bb0&#8243; sticky_enabled=\u00bb0&#8243; title_text=\u00bbicn_gobierno\u00bb align=\u00bbcenter\u00bb width=\u00bb50%\u00bb][\/et_pb_image][\/et_pb_column][et_pb_column _builder_version=\u00bb4.27.4&#8243; _module_preset=\u00bbdefault\u00bb type=\u00bb1_3&#8243;][et_pb_image src=\u00bbhttps:\/\/labtd.campeche.gob.mx\/wp-content\/uploads\/Google_2015_logo.svg.png\u00bb _builder_version=\u00bb4.27.4&#8243; _module_preset=\u00bbdefault\u00bb hover_enabled=\u00bb0&#8243; sticky_enabled=\u00bb0&#8243; title_text=\u00bbGoogle_2015_logo.svg\u00bb align=\u00bbcenter\u00bb width=\u00bb80%\u00bb][\/et_pb_image][\/et_pb_column][et_pb_column _builder_version=\u00bb4.27.4&#8243; _module_preset=\u00bbdefault\u00bb type=\u00bb1_3&#8243;][et_pb_image src=\u00bbhttps:\/\/labtd.campeche.gob.mx\/wp-content\/uploads\/logo-Cisco.png\u00bb _builder_version=\u00bb4.27.4&#8243; _module_preset=\u00bbdefault\u00bb hover_enabled=\u00bb0&#8243; sticky_enabled=\u00bb0&#8243; title_text=\u00bblogo-Cisco\u00bb align=\u00bbcenter\u00bb width=\u00bb80%\u00bb][\/et_pb_image][\/et_pb_column][\/et_pb_row][et_pb_row _builder_version=\u00bb4.27.4&#8243; _module_preset=\u00bbdefault\u00bb column_structure=\u00bb1_3,1_3,1_3&#8243;][et_pb_column _builder_version=\u00bb4.27.4&#8243; _module_preset=\u00bbdefault\u00bb type=\u00bb1_3&#8243;][et_pb_image src=\u00bbhttps:\/\/labtd.campeche.gob.mx\/wp-content\/uploads\/MCA-Chiapas-Dahua-1.png\u00bb _builder_version=\u00bb4.27.4&#8243; _module_preset=\u00bbdefault\u00bb hover_enabled=\u00bb0&#8243; sticky_enabled=\u00bb0&#8243; title_text=\u00bbMCA-Chiapas-Dahua\u00bb align=\u00bbcenter\u00bb width=\u00bb80%\u00bb][\/et_pb_image][\/et_pb_column][et_pb_column _builder_version=\u00bb4.27.4&#8243; _module_preset=\u00bbdefault\u00bb type=\u00bb1_3&#8243;][et_pb_image src=\u00bbhttps:\/\/labtd.campeche.gob.mx\/wp-content\/uploads\/Huawei-Logo.png\u00bb _builder_version=\u00bb4.27.4&#8243; _module_preset=\u00bbdefault\u00bb hover_enabled=\u00bb0&#8243; sticky_enabled=\u00bb0&#8243; title_text=\u00bbHuawei-Logo\u00bb align=\u00bbcenter\u00bb width=\u00bb80%\u00bb][\/et_pb_image][\/et_pb_column][et_pb_column _builder_version=\u00bb4.27.4&#8243; _module_preset=\u00bbdefault\u00bb type=\u00bb1_3&#8243;][et_pb_image src=\u00bbhttps:\/\/labtd.campeche.gob.mx\/wp-content\/uploads\/Autodesk_Logo.svg\u00bb _builder_version=\u00bb4.27.4&#8243; _module_preset=\u00bbdefault\u00bb hover_enabled=\u00bb0&#8243; sticky_enabled=\u00bb0&#8243; title_text=\u00bbAutodesk_Logo\u00bb align=\u00bbcenter\u00bb width=\u00bb85%\u00bb][\/et_pb_image][\/et_pb_column][\/et_pb_row][\/et_pb_section]<\/p>\n","protected":false},"excerpt":{"rendered":"<p>AlianzasLas Empresas de Tecnolog\u00eda como Google, CISCO, Dahua, Huawei, Autodesk e Instituciones Internacionales como la Uni\u00f3n Internacional de Telecomunicaciones se encargan de capacitar y certificar a los estudiantes en nuevas habilidades en tecnolog\u00edas de frontera y tambi\u00e9n las empresas se har\u00e1n cargo de la instalaci\u00f3n y conformaci\u00f3n dentro de las Instituciones de Educaci\u00f3n Superior de [&hellip;]<\/p>\n","protected":false},"author":1,"featured_media":0,"parent":0,"menu_order":0,"comment_status":"closed","ping_status":"closed","template":"","meta":{"_acf_changed":false,"_et_pb_use_builder":"on","_et_pb_old_content":"","_et_gb_content_width":"","inline_featured_image":false,"footnotes":""},"class_list":["post-1594","page","type-page","status-publish","hentry"],"acf":[],"yoast_head":"<!-- This site is optimized with the Yoast SEO plugin v25.0 - https:\/\/yoast.com\/wordpress\/plugins\/seo\/ -->\n<title>Alianzas - Laboratorios de Transformaci\u00f3n Digital<\/title>\n<meta name=\"robots\" content=\"index, follow, max-snippet:-1, max-image-preview:large, max-video-preview:-1\" \/>\n<link rel=\"canonical\" href=\"https:\/\/labtd.campeche.gob.mx\/?page_id=1594\" \/>\n<meta property=\"og:locale\" content=\"es_ES\" \/>\n<meta property=\"og:type\" content=\"article\" \/>\n<meta property=\"og:title\" content=\"Alianzas - Laboratorios de Transformaci\u00f3n Digital\" \/>\n<meta property=\"og:description\" content=\"AlianzasLas Empresas de Tecnolog\u00eda como Google, CISCO, Dahua, Huawei, Autodesk e Instituciones Internacionales como la Uni\u00f3n Internacional de Telecomunicaciones se encargan de capacitar y certificar a los estudiantes en nuevas habilidades en tecnolog\u00edas de frontera y tambi\u00e9n las empresas se har\u00e1n cargo de la instalaci\u00f3n y conformaci\u00f3n dentro de las Instituciones de Educaci\u00f3n Superior de [&hellip;]\" \/>\n<meta property=\"og:site_name\" content=\"Laboratorios de Transformaci\u00f3n Digital\" \/>\n<meta property=\"article:publisher\" content=\"https:\/\/www.facebook.com\/profile.php?id=100083646365288\" \/>\n<meta property=\"article:modified_time\" content=\"2025-03-24T15:11:34+00:00\" \/>\n<meta name=\"twitter:card\" content=\"summary_large_image\" \/>\n<meta name=\"twitter:site\" content=\"@ConectCampeche\" \/>\n<meta name=\"twitter:label1\" content=\"Tiempo de lectura\" \/>\n\t<meta name=\"twitter:data1\" content=\"3 minutos\" \/>\n<script type=\"application\/ld+json\" class=\"yoast-schema-graph\">{\"@context\":\"https:\/\/schema.org\",\"@graph\":[{\"@type\":\"WebPage\",\"@id\":\"https:\/\/labtd.campeche.gob.mx\/?page_id=1594\",\"url\":\"https:\/\/labtd.campeche.gob.mx\/?page_id=1594\",\"name\":\"Alianzas - Laboratorios de Transformaci\u00f3n Digital\",\"isPartOf\":{\"@id\":\"https:\/\/labtd.campeche.gob.mx\/#website\"},\"datePublished\":\"2024-01-29T17:15:50+00:00\",\"dateModified\":\"2025-03-24T15:11:34+00:00\",\"breadcrumb\":{\"@id\":\"https:\/\/labtd.campeche.gob.mx\/?page_id=1594#breadcrumb\"},\"inLanguage\":\"es\",\"potentialAction\":[{\"@type\":\"ReadAction\",\"target\":[\"https:\/\/labtd.campeche.gob.mx\/?page_id=1594\"]}]},{\"@type\":\"BreadcrumbList\",\"@id\":\"https:\/\/labtd.campeche.gob.mx\/?page_id=1594#breadcrumb\",\"itemListElement\":[{\"@type\":\"ListItem\",\"position\":1,\"name\":\"Portada\",\"item\":\"https:\/\/labtd.campeche.gob.mx\/\"},{\"@type\":\"ListItem\",\"position\":2,\"name\":\"Alianzas\"}]},{\"@type\":\"WebSite\",\"@id\":\"https:\/\/labtd.campeche.gob.mx\/#website\",\"url\":\"https:\/\/labtd.campeche.gob.mx\/\",\"name\":\"LABTD\",\"description\":\"Digitalizaci\u00f3n para el desarrollo integral de Campeche.\",\"publisher\":{\"@id\":\"https:\/\/labtd.campeche.gob.mx\/#organization\"},\"potentialAction\":[{\"@type\":\"SearchAction\",\"target\":{\"@type\":\"EntryPoint\",\"urlTemplate\":\"https:\/\/labtd.campeche.gob.mx\/?s={search_term_string}\"},\"query-input\":{\"@type\":\"PropertyValueSpecification\",\"valueRequired\":true,\"valueName\":\"search_term_string\"}}],\"inLanguage\":\"es\"},{\"@type\":\"Organization\",\"@id\":\"https:\/\/labtd.campeche.gob.mx\/#organization\",\"name\":\"Laboratorios de Transformaci\u00f3n Digital\",\"url\":\"https:\/\/labtd.campeche.gob.mx\/\",\"logo\":{\"@type\":\"ImageObject\",\"inLanguage\":\"es\",\"@id\":\"https:\/\/labtd.campeche.gob.mx\/#\/schema\/logo\/image\/\",\"url\":\"https:\/\/labtd.campeche.gob.mx\/wp-content\/uploads\/Logo_home.png\",\"contentUrl\":\"https:\/\/labtd.campeche.gob.mx\/wp-content\/uploads\/Logo_home.png\",\"width\":538,\"height\":250,\"caption\":\"Laboratorios de Transformaci\u00f3n Digital\"},\"image\":{\"@id\":\"https:\/\/labtd.campeche.gob.mx\/#\/schema\/logo\/image\/\"},\"sameAs\":[\"https:\/\/www.facebook.com\/profile.php?id=100083646365288\",\"https:\/\/x.com\/ConectCampeche\",\"https:\/\/www.youtube.com\/@conectividadparatodos\"]}]}<\/script>\n<!-- \/ Yoast SEO plugin. -->","yoast_head_json":{"title":"Alianzas - Laboratorios de Transformaci\u00f3n Digital","robots":{"index":"index","follow":"follow","max-snippet":"max-snippet:-1","max-image-preview":"max-image-preview:large","max-video-preview":"max-video-preview:-1"},"canonical":"https:\/\/labtd.campeche.gob.mx\/?page_id=1594","og_locale":"es_ES","og_type":"article","og_title":"Alianzas - Laboratorios de Transformaci\u00f3n Digital","og_description":"AlianzasLas Empresas de Tecnolog\u00eda como Google, CISCO, Dahua, Huawei, Autodesk e Instituciones Internacionales como la Uni\u00f3n Internacional de Telecomunicaciones se encargan de capacitar y certificar a los estudiantes en nuevas habilidades en tecnolog\u00edas de frontera y tambi\u00e9n las empresas se har\u00e1n cargo de la instalaci\u00f3n y conformaci\u00f3n dentro de las Instituciones de Educaci\u00f3n Superior de [&hellip;]","og_site_name":"Laboratorios de Transformaci\u00f3n Digital","article_publisher":"https:\/\/www.facebook.com\/profile.php?id=100083646365288","article_modified_time":"2025-03-24T15:11:34+00:00","twitter_card":"summary_large_image","twitter_site":"@ConectCampeche","twitter_misc":{"Tiempo de lectura":"3 minutos"},"schema":{"@context":"https:\/\/schema.org","@graph":[{"@type":"WebPage","@id":"https:\/\/labtd.campeche.gob.mx\/?page_id=1594","url":"https:\/\/labtd.campeche.gob.mx\/?page_id=1594","name":"Alianzas - Laboratorios de Transformaci\u00f3n Digital","isPartOf":{"@id":"https:\/\/labtd.campeche.gob.mx\/#website"},"datePublished":"2024-01-29T17:15:50+00:00","dateModified":"2025-03-24T15:11:34+00:00","breadcrumb":{"@id":"https:\/\/labtd.campeche.gob.mx\/?page_id=1594#breadcrumb"},"inLanguage":"es","potentialAction":[{"@type":"ReadAction","target":["https:\/\/labtd.campeche.gob.mx\/?page_id=1594"]}]},{"@type":"BreadcrumbList","@id":"https:\/\/labtd.campeche.gob.mx\/?page_id=1594#breadcrumb","itemListElement":[{"@type":"ListItem","position":1,"name":"Portada","item":"https:\/\/labtd.campeche.gob.mx\/"},{"@type":"ListItem","position":2,"name":"Alianzas"}]},{"@type":"WebSite","@id":"https:\/\/labtd.campeche.gob.mx\/#website","url":"https:\/\/labtd.campeche.gob.mx\/","name":"LABTD","description":"Digitalizaci\u00f3n para el desarrollo integral de Campeche.","publisher":{"@id":"https:\/\/labtd.campeche.gob.mx\/#organization"},"potentialAction":[{"@type":"SearchAction","target":{"@type":"EntryPoint","urlTemplate":"https:\/\/labtd.campeche.gob.mx\/?s={search_term_string}"},"query-input":{"@type":"PropertyValueSpecification","valueRequired":true,"valueName":"search_term_string"}}],"inLanguage":"es"},{"@type":"Organization","@id":"https:\/\/labtd.campeche.gob.mx\/#organization","name":"Laboratorios de Transformaci\u00f3n Digital","url":"https:\/\/labtd.campeche.gob.mx\/","logo":{"@type":"ImageObject","inLanguage":"es","@id":"https:\/\/labtd.campeche.gob.mx\/#\/schema\/logo\/image\/","url":"https:\/\/labtd.campeche.gob.mx\/wp-content\/uploads\/Logo_home.png","contentUrl":"https:\/\/labtd.campeche.gob.mx\/wp-content\/uploads\/Logo_home.png","width":538,"height":250,"caption":"Laboratorios de Transformaci\u00f3n Digital"},"image":{"@id":"https:\/\/labtd.campeche.gob.mx\/#\/schema\/logo\/image\/"},"sameAs":["https:\/\/www.facebook.com\/profile.php?id=100083646365288","https:\/\/x.com\/ConectCampeche","https:\/\/www.youtube.com\/@conectividadparatodos"]}]}},"_links":{"self":[{"href":"https:\/\/labtd.campeche.gob.mx\/index.php?rest_route=\/wp\/v2\/pages\/1594","targetHints":{"allow":["GET"]}}],"collection":[{"href":"https:\/\/labtd.campeche.gob.mx\/index.php?rest_route=\/wp\/v2\/pages"}],"about":[{"href":"https:\/\/labtd.campeche.gob.mx\/index.php?rest_route=\/wp\/v2\/types\/page"}],"author":[{"embeddable":true,"href":"https:\/\/labtd.campeche.gob.mx\/index.php?rest_route=\/wp\/v2\/users\/1"}],"replies":[{"embeddable":true,"href":"https:\/\/labtd.campeche.gob.mx\/index.php?rest_route=%2Fwp%2Fv2%2Fcomments&post=1594"}],"version-history":[{"count":20,"href":"https:\/\/labtd.campeche.gob.mx\/index.php?rest_route=\/wp\/v2\/pages\/1594\/revisions"}],"predecessor-version":[{"id":2231,"href":"https:\/\/labtd.campeche.gob.mx\/index.php?rest_route=\/wp\/v2\/pages\/1594\/revisions\/2231"}],"wp:attachment":[{"href":"https:\/\/labtd.campeche.gob.mx\/index.php?rest_route=%2Fwp%2Fv2%2Fmedia&parent=1594"}],"curies":[{"name":"wp","href":"https:\/\/api.w.org\/{rel}","templated":true}]}}