{"id":1597,"date":"2024-01-29T11:17:49","date_gmt":"2024-01-29T17:17:49","guid":{"rendered":"https:\/\/labtd.campeche.gob.mx\/?page_id=1597"},"modified":"2025-05-19T15:58:09","modified_gmt":"2025-05-19T21:58:09","slug":"funcionabilidad","status":"publish","type":"page","link":"https:\/\/labtd.campeche.gob.mx\/?page_id=1597","title":{"rendered":"Funcionabilidad"},"content":{"rendered":"<p>[et_pb_section fb_built=\u00bb1&#8243; _builder_version=\u00bb4.25.1&#8243; _module_preset=\u00bbdefault\u00bb background_color=\u00bb#9F2241&#8243; global_colors_info=\u00bb{}\u00bb][et_pb_row _builder_version=\u00bb4.19.2&#8243; _module_preset=\u00bbdefault\u00bb global_colors_info=\u00bb{}\u00bb][et_pb_column type=\u00bb4_4&#8243; _builder_version=\u00bb4.19.2&#8243; _module_preset=\u00bbdefault\u00bb global_colors_info=\u00bb{}\u00bb][et_pb_text _builder_version=\u00bb4.19.2&#8243; _module_preset=\u00bbdefault\u00bb header_font=\u00bb|600|on||||||\u00bb header_text_color=\u00bb#FFFFFF\u00bb animation_style=\u00bbfade\u00bb global_colors_info=\u00bb{}\u00bb]<\/p>\n<h1 style=\"text-align: center;\">Funcionabilidad<\/h1>\n<p>[\/et_pb_text][\/et_pb_column][\/et_pb_row][\/et_pb_section][et_pb_section fb_built=\u00bb1&#8243; _builder_version=\u00bb4.19.2&#8243; _module_preset=\u00bbdefault\u00bb global_colors_info=\u00bb{}\u00bb][et_pb_row _builder_version=\u00bb4.19.2&#8243; _module_preset=\u00bbdefault\u00bb global_colors_info=\u00bb{}\u00bb][et_pb_column type=\u00bb4_4&#8243; _builder_version=\u00bb4.19.2&#8243; _module_preset=\u00bbdefault\u00bb global_colors_info=\u00bb{}\u00bb][et_pb_image src=\u00bbhttps:\/\/labtd.campeche.gob.mx\/wp-content\/uploads\/Funcionalidad-textos.png\u00bb _builder_version=\u00bb4.27.4&#8243; _module_preset=\u00bbdefault\u00bb title_text=\u00bbFuncionalidad-textos\u00bb hover_enabled=\u00bb0&#8243; sticky_enabled=\u00bb0&#8243; show_in_lightbox=\u00bbon\u00bb][\/et_pb_image][et_pb_text _builder_version=\u00bb4.27.4&#8243; _module_preset=\u00bbdefault\u00bb text_text_color=\u00bb#6b6b6b\u00bb text_font_size=\u00bb18px\u00bb global_colors_info=\u00bb{}\u00bb]<\/p>\n<p style=\"text-align: justify;\">La pandemia provocada por el COVID 19, gener\u00f3 un cambio en el uso de la tecnolog\u00eda en todos los \u00e1mbitos haciendo evidente la importancia de la digitalizaci\u00f3n de todas las actividades y los procesos de transformaci\u00f3n digital est\u00e1n creando nuevos modelos de consumo y producci\u00f3n que redefinen las formas de medir el crecimiento y el desarrollo econ\u00f3mico. El modelo de los Laboratorios de Transformaci\u00f3n Digital LabTD es altamente replicable en cualquier regi\u00f3n con alta migraci\u00f3n de recursos humanos calificados, con un proceso de desindustrializaci\u00f3n cr\u00f3nico y un nivel bajo de digitalizaci\u00f3n del sector gubernamental. Su \u00e9xito se basa en una estrategia de tres h\u00e9lices:<\/p>\n<p>[\/et_pb_text][et_pb_text _builder_version=\u00bb4.27.4&#8243; _module_preset=\u00bbdefault\u00bb text_text_color=\u00bb#6b6b6b\u00bb text_font_size=\u00bb18px\u00bb global_colors_info=\u00bb{}\u00bb]<\/p>\n<p style=\"text-align: justify;\">El modelo de los Laboratorios de Transformaci\u00f3n Digital LabTD es altamente replicable en cualquier regi\u00f3n con alta migraci\u00f3n de recursos humanos calificados, con un proceso de desindustrializaci\u00f3n cr\u00f3nico y un nivel bajo de digitalizaci\u00f3n del sector gubernamental. Su \u00e9xito se basa en una estrategia de tres h\u00e9lices:<\/p>\n<p>[\/et_pb_text][et_pb_text _builder_version=\u00bb4.27.4&#8243; _module_preset=\u00bbdefault\u00bb text_text_color=\u00bb#6b6b6b\u00bb text_font_size=\u00bb18px\u00bb global_colors_info=\u00bb{}\u00bb]<\/p>\n<ol>\n<li style=\"text-align: justify;\"><strong>El Gobierno <\/strong>debe instalar la Infraestructura Digital P\u00fablica que permita que la poblaci\u00f3n tanto rural como urbana tenga conectividad y acceso a la nube para garantizar el uso de todas las aplicaciones.<\/li>\n<li style=\"text-align: justify;\"><strong>La Academia <\/strong>por medio de las Instituciones de Educaci\u00f3n Superior P\u00fablica IESP proporciona los recursos humanos suficientes para ser capacitados y certificados para llevar a cabo el proceso de digitalizaci\u00f3n del gobierno y albergar en sus instalaciones los LabTD.<\/li>\n<li style=\"text-align: justify;\"><strong>Las Grandes Empresas de Tecnolog\u00eda<\/strong> contribuyen con la capacitaci\u00f3n y certificaci\u00f3n en tecnolog\u00edas emergentes y equipan los LabTD con la tecnolog\u00eda m\u00e1s avanzada respecto a los temas de Transformaci\u00f3n Digital.<\/li>\n<\/ol>\n<p>[\/et_pb_text][et_pb_text _builder_version=\u00bb4.27.4&#8243; _module_preset=\u00bbdefault\u00bb text_text_color=\u00bb#6b6b6b\u00bb text_font_size=\u00bb18px\u00bb custom_margin=\u00bb-14px|||||\u00bb global_colors_info=\u00bb{}\u00bb]<\/p>\n<p style=\"text-align: justify;\">Los proyectos realizados en los LabTD generan grupos de alumnos que cuentan con el apoyo suficiente para convertirse en Empresas Creativas de Base Tecnol\u00f3gica.<\/p>\n<p style=\"text-align: justify;\">Este modelo puede aplicarse en otros estados de M\u00e9xico como Chiapas, Oaxaca o Tabasco y en pa\u00edses de Am\u00e9rica Latina con problem\u00e1ticas similares de inclusi\u00f3n digital y educaci\u00f3n tecnol\u00f3gica.<\/p>\n<p>[\/et_pb_text][\/et_pb_column][\/et_pb_row][\/et_pb_section]<\/p>\n","protected":false},"excerpt":{"rendered":"<p>FuncionabilidadLa pandemia provocada por el COVID 19, gener\u00f3 un cambio en el uso de la tecnolog\u00eda en todos los \u00e1mbitos haciendo evidente la importancia de la digitalizaci\u00f3n de todas las actividades y los procesos de transformaci\u00f3n digital est\u00e1n creando nuevos modelos de consumo y producci\u00f3n que redefinen las formas de medir el crecimiento y el [&hellip;]<\/p>\n","protected":false},"author":1,"featured_media":0,"parent":0,"menu_order":0,"comment_status":"closed","ping_status":"closed","template":"","meta":{"_acf_changed":false,"_et_pb_use_builder":"on","_et_pb_old_content":"","_et_gb_content_width":"","inline_featured_image":false,"footnotes":""},"class_list":["post-1597","page","type-page","status-publish","hentry"],"acf":[],"yoast_head":"<!-- This site is optimized with the Yoast SEO plugin v25.0 - https:\/\/yoast.com\/wordpress\/plugins\/seo\/ -->\n<title>Funcionabilidad - Laboratorios de Transformaci\u00f3n Digital<\/title>\n<meta name=\"robots\" content=\"index, follow, max-snippet:-1, max-image-preview:large, max-video-preview:-1\" \/>\n<link rel=\"canonical\" href=\"https:\/\/labtd.campeche.gob.mx\/?page_id=1597\" \/>\n<meta property=\"og:locale\" content=\"es_ES\" \/>\n<meta property=\"og:type\" content=\"article\" \/>\n<meta property=\"og:title\" content=\"Funcionabilidad - Laboratorios de Transformaci\u00f3n Digital\" \/>\n<meta property=\"og:description\" content=\"FuncionabilidadLa pandemia provocada por el COVID 19, gener\u00f3 un cambio en el uso de la tecnolog\u00eda en todos los \u00e1mbitos haciendo evidente la importancia de la digitalizaci\u00f3n de todas las actividades y los procesos de transformaci\u00f3n digital est\u00e1n creando nuevos modelos de consumo y producci\u00f3n que redefinen las formas de medir el crecimiento y el [&hellip;]\" \/>\n<meta property=\"og:site_name\" content=\"Laboratorios de Transformaci\u00f3n Digital\" \/>\n<meta property=\"article:publisher\" content=\"https:\/\/www.facebook.com\/profile.php?id=100083646365288\" \/>\n<meta property=\"article:modified_time\" content=\"2025-05-19T21:58:09+00:00\" \/>\n<meta name=\"twitter:card\" content=\"summary_large_image\" \/>\n<meta name=\"twitter:site\" content=\"@ConectCampeche\" \/>\n<meta name=\"twitter:label1\" content=\"Tiempo de lectura\" \/>\n\t<meta name=\"twitter:data1\" content=\"3 minutos\" \/>\n<script type=\"application\/ld+json\" class=\"yoast-schema-graph\">{\"@context\":\"https:\/\/schema.org\",\"@graph\":[{\"@type\":\"WebPage\",\"@id\":\"https:\/\/labtd.campeche.gob.mx\/?page_id=1597\",\"url\":\"https:\/\/labtd.campeche.gob.mx\/?page_id=1597\",\"name\":\"Funcionabilidad - Laboratorios de Transformaci\u00f3n Digital\",\"isPartOf\":{\"@id\":\"https:\/\/labtd.campeche.gob.mx\/#website\"},\"datePublished\":\"2024-01-29T17:17:49+00:00\",\"dateModified\":\"2025-05-19T21:58:09+00:00\",\"breadcrumb\":{\"@id\":\"https:\/\/labtd.campeche.gob.mx\/?page_id=1597#breadcrumb\"},\"inLanguage\":\"es\",\"potentialAction\":[{\"@type\":\"ReadAction\",\"target\":[\"https:\/\/labtd.campeche.gob.mx\/?page_id=1597\"]}]},{\"@type\":\"BreadcrumbList\",\"@id\":\"https:\/\/labtd.campeche.gob.mx\/?page_id=1597#breadcrumb\",\"itemListElement\":[{\"@type\":\"ListItem\",\"position\":1,\"name\":\"Portada\",\"item\":\"https:\/\/labtd.campeche.gob.mx\/\"},{\"@type\":\"ListItem\",\"position\":2,\"name\":\"Funcionabilidad\"}]},{\"@type\":\"WebSite\",\"@id\":\"https:\/\/labtd.campeche.gob.mx\/#website\",\"url\":\"https:\/\/labtd.campeche.gob.mx\/\",\"name\":\"LABTD\",\"description\":\"Digitalizaci\u00f3n para el desarrollo integral de Campeche.\",\"publisher\":{\"@id\":\"https:\/\/labtd.campeche.gob.mx\/#organization\"},\"potentialAction\":[{\"@type\":\"SearchAction\",\"target\":{\"@type\":\"EntryPoint\",\"urlTemplate\":\"https:\/\/labtd.campeche.gob.mx\/?s={search_term_string}\"},\"query-input\":{\"@type\":\"PropertyValueSpecification\",\"valueRequired\":true,\"valueName\":\"search_term_string\"}}],\"inLanguage\":\"es\"},{\"@type\":\"Organization\",\"@id\":\"https:\/\/labtd.campeche.gob.mx\/#organization\",\"name\":\"Laboratorios de Transformaci\u00f3n Digital\",\"url\":\"https:\/\/labtd.campeche.gob.mx\/\",\"logo\":{\"@type\":\"ImageObject\",\"inLanguage\":\"es\",\"@id\":\"https:\/\/labtd.campeche.gob.mx\/#\/schema\/logo\/image\/\",\"url\":\"https:\/\/labtd.campeche.gob.mx\/wp-content\/uploads\/Logo_home.png\",\"contentUrl\":\"https:\/\/labtd.campeche.gob.mx\/wp-content\/uploads\/Logo_home.png\",\"width\":538,\"height\":250,\"caption\":\"Laboratorios de Transformaci\u00f3n Digital\"},\"image\":{\"@id\":\"https:\/\/labtd.campeche.gob.mx\/#\/schema\/logo\/image\/\"},\"sameAs\":[\"https:\/\/www.facebook.com\/profile.php?id=100083646365288\",\"https:\/\/x.com\/ConectCampeche\",\"https:\/\/www.youtube.com\/@conectividadparatodos\"]}]}<\/script>\n<!-- \/ Yoast SEO plugin. -->","yoast_head_json":{"title":"Funcionabilidad - Laboratorios de Transformaci\u00f3n Digital","robots":{"index":"index","follow":"follow","max-snippet":"max-snippet:-1","max-image-preview":"max-image-preview:large","max-video-preview":"max-video-preview:-1"},"canonical":"https:\/\/labtd.campeche.gob.mx\/?page_id=1597","og_locale":"es_ES","og_type":"article","og_title":"Funcionabilidad - Laboratorios de Transformaci\u00f3n Digital","og_description":"FuncionabilidadLa pandemia provocada por el COVID 19, gener\u00f3 un cambio en el uso de la tecnolog\u00eda en todos los \u00e1mbitos haciendo evidente la importancia de la digitalizaci\u00f3n de todas las actividades y los procesos de transformaci\u00f3n digital est\u00e1n creando nuevos modelos de consumo y producci\u00f3n que redefinen las formas de medir el crecimiento y el [&hellip;]","og_site_name":"Laboratorios de Transformaci\u00f3n Digital","article_publisher":"https:\/\/www.facebook.com\/profile.php?id=100083646365288","article_modified_time":"2025-05-19T21:58:09+00:00","twitter_card":"summary_large_image","twitter_site":"@ConectCampeche","twitter_misc":{"Tiempo de lectura":"3 minutos"},"schema":{"@context":"https:\/\/schema.org","@graph":[{"@type":"WebPage","@id":"https:\/\/labtd.campeche.gob.mx\/?page_id=1597","url":"https:\/\/labtd.campeche.gob.mx\/?page_id=1597","name":"Funcionabilidad - Laboratorios de Transformaci\u00f3n Digital","isPartOf":{"@id":"https:\/\/labtd.campeche.gob.mx\/#website"},"datePublished":"2024-01-29T17:17:49+00:00","dateModified":"2025-05-19T21:58:09+00:00","breadcrumb":{"@id":"https:\/\/labtd.campeche.gob.mx\/?page_id=1597#breadcrumb"},"inLanguage":"es","potentialAction":[{"@type":"ReadAction","target":["https:\/\/labtd.campeche.gob.mx\/?page_id=1597"]}]},{"@type":"BreadcrumbList","@id":"https:\/\/labtd.campeche.gob.mx\/?page_id=1597#breadcrumb","itemListElement":[{"@type":"ListItem","position":1,"name":"Portada","item":"https:\/\/labtd.campeche.gob.mx\/"},{"@type":"ListItem","position":2,"name":"Funcionabilidad"}]},{"@type":"WebSite","@id":"https:\/\/labtd.campeche.gob.mx\/#website","url":"https:\/\/labtd.campeche.gob.mx\/","name":"LABTD","description":"Digitalizaci\u00f3n para el desarrollo integral de Campeche.","publisher":{"@id":"https:\/\/labtd.campeche.gob.mx\/#organization"},"potentialAction":[{"@type":"SearchAction","target":{"@type":"EntryPoint","urlTemplate":"https:\/\/labtd.campeche.gob.mx\/?s={search_term_string}"},"query-input":{"@type":"PropertyValueSpecification","valueRequired":true,"valueName":"search_term_string"}}],"inLanguage":"es"},{"@type":"Organization","@id":"https:\/\/labtd.campeche.gob.mx\/#organization","name":"Laboratorios de Transformaci\u00f3n Digital","url":"https:\/\/labtd.campeche.gob.mx\/","logo":{"@type":"ImageObject","inLanguage":"es","@id":"https:\/\/labtd.campeche.gob.mx\/#\/schema\/logo\/image\/","url":"https:\/\/labtd.campeche.gob.mx\/wp-content\/uploads\/Logo_home.png","contentUrl":"https:\/\/labtd.campeche.gob.mx\/wp-content\/uploads\/Logo_home.png","width":538,"height":250,"caption":"Laboratorios de Transformaci\u00f3n Digital"},"image":{"@id":"https:\/\/labtd.campeche.gob.mx\/#\/schema\/logo\/image\/"},"sameAs":["https:\/\/www.facebook.com\/profile.php?id=100083646365288","https:\/\/x.com\/ConectCampeche","https:\/\/www.youtube.com\/@conectividadparatodos"]}]}},"_links":{"self":[{"href":"https:\/\/labtd.campeche.gob.mx\/index.php?rest_route=\/wp\/v2\/pages\/1597","targetHints":{"allow":["GET"]}}],"collection":[{"href":"https:\/\/labtd.campeche.gob.mx\/index.php?rest_route=\/wp\/v2\/pages"}],"about":[{"href":"https:\/\/labtd.campeche.gob.mx\/index.php?rest_route=\/wp\/v2\/types\/page"}],"author":[{"embeddable":true,"href":"https:\/\/labtd.campeche.gob.mx\/index.php?rest_route=\/wp\/v2\/users\/1"}],"replies":[{"embeddable":true,"href":"https:\/\/labtd.campeche.gob.mx\/index.php?rest_route=%2Fwp%2Fv2%2Fcomments&post=1597"}],"version-history":[{"count":17,"href":"https:\/\/labtd.campeche.gob.mx\/index.php?rest_route=\/wp\/v2\/pages\/1597\/revisions"}],"predecessor-version":[{"id":2261,"href":"https:\/\/labtd.campeche.gob.mx\/index.php?rest_route=\/wp\/v2\/pages\/1597\/revisions\/2261"}],"wp:attachment":[{"href":"https:\/\/labtd.campeche.gob.mx\/index.php?rest_route=%2Fwp%2Fv2%2Fmedia&parent=1597"}],"curies":[{"name":"wp","href":"https:\/\/api.w.org\/{rel}","templated":true}]}}