{"id":1600,"date":"2024-01-29T11:24:20","date_gmt":"2024-01-29T17:24:20","guid":{"rendered":"https:\/\/labtd.campeche.gob.mx\/?page_id=1600"},"modified":"2025-05-19T15:26:25","modified_gmt":"2025-05-19T21:26:25","slug":"sostenibilidad","status":"publish","type":"page","link":"https:\/\/labtd.campeche.gob.mx\/?page_id=1600","title":{"rendered":"Sostenibilidad"},"content":{"rendered":"<p>[et_pb_section fb_built=\u00bb1&#8243; _builder_version=\u00bb4.25.1&#8243; _module_preset=\u00bbdefault\u00bb background_color=\u00bb#9F2241&#8243; global_colors_info=\u00bb{}\u00bb][et_pb_row _builder_version=\u00bb4.19.2&#8243; _module_preset=\u00bbdefault\u00bb global_colors_info=\u00bb{}\u00bb][et_pb_column type=\u00bb4_4&#8243; _builder_version=\u00bb4.19.2&#8243; _module_preset=\u00bbdefault\u00bb global_colors_info=\u00bb{}\u00bb][et_pb_text _builder_version=\u00bb4.19.2&#8243; _module_preset=\u00bbdefault\u00bb header_font=\u00bb|600|on||||||\u00bb header_text_color=\u00bb#FFFFFF\u00bb animation_style=\u00bbfade\u00bb global_colors_info=\u00bb{}\u00bb]<\/p>\n<h1 style=\"text-align: center;\">Sostenibilidad<\/h1>\n<p>[\/et_pb_text][\/et_pb_column][\/et_pb_row][\/et_pb_section][et_pb_section fb_built=\u00bb1&#8243; _builder_version=\u00bb4.19.2&#8243; _module_preset=\u00bbdefault\u00bb global_colors_info=\u00bb{}\u00bb][et_pb_row _builder_version=\u00bb4.19.2&#8243; _module_preset=\u00bbdefault\u00bb global_colors_info=\u00bb{}\u00bb][et_pb_column type=\u00bb4_4&#8243; _builder_version=\u00bb4.19.2&#8243; _module_preset=\u00bbdefault\u00bb global_colors_info=\u00bb{}\u00bb][et_pb_image src=\u00bbhttps:\/\/labtd.campeche.gob.mx\/wp-content\/uploads\/Sostentibilidad-textos.png\u00bb title_text=\u00bbSostentibilidad-textos\u00bb _builder_version=\u00bb4.27.4&#8243; _module_preset=\u00bbdefault\u00bb hover_enabled=\u00bb0&#8243; global_colors_info=\u00bb{}\u00bb show_in_lightbox=\u00bbon\u00bb sticky_enabled=\u00bb0&#8243;][\/et_pb_image][et_pb_text _builder_version=\u00bb4.27.4&#8243; _module_preset=\u00bbdefault\u00bb text_font_size=\u00bb18px\u00bb global_colors_info=\u00bb{}\u00bb]<\/p>\n<p style=\"text-align: justify;\">Los Laboratorios de Transformaci\u00f3n Digital son un modelo sostenible porque su impacto trasciende la inversi\u00f3n inicial. Su sostenibilidad se basa en:<\/p>\n<p>[\/et_pb_text][\/et_pb_column][\/et_pb_row][et_pb_row _builder_version=\u00bb4.19.2&#8243; _module_preset=\u00bbdefault\u00bb global_colors_info=\u00bb{}\u00bb][et_pb_column type=\u00bb4_4&#8243; _builder_version=\u00bb4.19.2&#8243; _module_preset=\u00bbdefault\u00bb global_colors_info=\u00bb{}\u00bb][et_pb_text _builder_version=\u00bb4.27.4&#8243; _module_preset=\u00bbdefault\u00bb text_font_size=\u00bb18px\u00bb global_colors_info=\u00bb{}\u00bb]<\/p>\n<ol>\n<li style=\"text-align: justify;\"><strong>Capacitaci\u00f3n y certificaci\u00f3n continua:<\/strong> las Instituciones de Educaci\u00f3n Superior P\u00fablica IESP, junto con el Gobierno y las Empresas Tecnol\u00f3gicas imparten de forma permanente las capacitaciones a los alumnos en tecnolog\u00edas emergentes.<\/li>\n<li style=\"text-align: justify;\"><strong>Generaci\u00f3n de empleo:<\/strong> La formaci\u00f3n en tecnolog\u00edas emergentes permite que los egresados formen o se integren en Empresas Creativas de Base Tecnol\u00f3gica impulsando la econom\u00eda digital local.<\/li>\n<li style=\"text-align: justify;\"><strong>Uso eficiente de infraestructura gubernamental:<\/strong> La nube privada y la conectividad instalada permiten el funcionamiento del sistema sin costos adicionales de infraestructura.<\/li>\n<li style=\"text-align: justify;\"><strong>Colaboraci\u00f3n con el sector privado:<\/strong> Empresas como Google, Dahua, Cisco, Huawei o Autodesk contin\u00faan apoyando el programa con capacitaci\u00f3n, certificaciones y equipamiento tecnol\u00f3gico.<\/li>\n<li style=\"text-align: justify;\"><strong>Generaci\u00f3n de ahorros:<\/strong> Las plataformas, aplicaciones y sistemas creados se realizan con un m\u00ednimo de inversi\u00f3n y un m\u00e1ximo aprovechamiento al mejorar los servicios digitales a la poblaci\u00f3n y tener un mejor sistema de recaudaci\u00f3n.<\/li>\n<\/ol>\n<p>[\/et_pb_text][et_pb_text _builder_version=\u00bb4.27.4&#8243; _module_preset=\u00bbdefault\u00bb text_font_size=\u00bb18px\u00bb global_colors_info=\u00bb{}\u00bb]<\/p>\n<p style=\"text-align: justify;\">Con estos factores, LabTD no solo garantiza su permanencia, sino tambi\u00e9n se convierte en un modelo replicable de desarrollo digital autosustentable.<\/p>\n<p>[\/et_pb_text][\/et_pb_column][\/et_pb_row][\/et_pb_section]<\/p>\n","protected":false},"excerpt":{"rendered":"<p>SostenibilidadLos Laboratorios de Transformaci\u00f3n Digital son un modelo sostenible porque su impacto trasciende la inversi\u00f3n inicial. Su sostenibilidad se basa en: Capacitaci\u00f3n y certificaci\u00f3n continua: las Instituciones de Educaci\u00f3n Superior P\u00fablica IESP, junto con el Gobierno y las Empresas Tecnol\u00f3gicas imparten de forma permanente las capacitaciones a los alumnos en tecnolog\u00edas emergentes. Generaci\u00f3n de empleo: [&hellip;]<\/p>\n","protected":false},"author":1,"featured_media":0,"parent":0,"menu_order":0,"comment_status":"closed","ping_status":"closed","template":"","meta":{"_acf_changed":false,"_et_pb_use_builder":"on","_et_pb_old_content":"","_et_gb_content_width":"","inline_featured_image":false,"footnotes":""},"class_list":["post-1600","page","type-page","status-publish","hentry"],"acf":[],"yoast_head":"<!-- This site is optimized with the Yoast SEO plugin v25.0 - https:\/\/yoast.com\/wordpress\/plugins\/seo\/ -->\n<title>Sostenibilidad - Laboratorios de Transformaci\u00f3n Digital<\/title>\n<meta name=\"robots\" content=\"index, follow, max-snippet:-1, max-image-preview:large, max-video-preview:-1\" \/>\n<link rel=\"canonical\" href=\"https:\/\/labtd.campeche.gob.mx\/?page_id=1600\" \/>\n<meta property=\"og:locale\" content=\"es_ES\" \/>\n<meta property=\"og:type\" content=\"article\" \/>\n<meta property=\"og:title\" content=\"Sostenibilidad - Laboratorios de Transformaci\u00f3n Digital\" \/>\n<meta property=\"og:description\" content=\"SostenibilidadLos Laboratorios de Transformaci\u00f3n Digital son un modelo sostenible porque su impacto trasciende la inversi\u00f3n inicial. Su sostenibilidad se basa en: Capacitaci\u00f3n y certificaci\u00f3n continua: las Instituciones de Educaci\u00f3n Superior P\u00fablica IESP, junto con el Gobierno y las Empresas Tecnol\u00f3gicas imparten de forma permanente las capacitaciones a los alumnos en tecnolog\u00edas emergentes. Generaci\u00f3n de empleo: [&hellip;]\" \/>\n<meta property=\"og:site_name\" content=\"Laboratorios de Transformaci\u00f3n Digital\" \/>\n<meta property=\"article:publisher\" content=\"https:\/\/www.facebook.com\/profile.php?id=100083646365288\" \/>\n<meta property=\"article:modified_time\" content=\"2025-05-19T21:26:25+00:00\" \/>\n<meta name=\"twitter:card\" content=\"summary_large_image\" \/>\n<meta name=\"twitter:site\" content=\"@ConectCampeche\" \/>\n<meta name=\"twitter:label1\" content=\"Tiempo de lectura\" \/>\n\t<meta name=\"twitter:data1\" content=\"2 minutos\" \/>\n<script type=\"application\/ld+json\" class=\"yoast-schema-graph\">{\"@context\":\"https:\/\/schema.org\",\"@graph\":[{\"@type\":\"WebPage\",\"@id\":\"https:\/\/labtd.campeche.gob.mx\/?page_id=1600\",\"url\":\"https:\/\/labtd.campeche.gob.mx\/?page_id=1600\",\"name\":\"Sostenibilidad - Laboratorios de Transformaci\u00f3n Digital\",\"isPartOf\":{\"@id\":\"https:\/\/labtd.campeche.gob.mx\/#website\"},\"datePublished\":\"2024-01-29T17:24:20+00:00\",\"dateModified\":\"2025-05-19T21:26:25+00:00\",\"breadcrumb\":{\"@id\":\"https:\/\/labtd.campeche.gob.mx\/?page_id=1600#breadcrumb\"},\"inLanguage\":\"es\",\"potentialAction\":[{\"@type\":\"ReadAction\",\"target\":[\"https:\/\/labtd.campeche.gob.mx\/?page_id=1600\"]}]},{\"@type\":\"BreadcrumbList\",\"@id\":\"https:\/\/labtd.campeche.gob.mx\/?page_id=1600#breadcrumb\",\"itemListElement\":[{\"@type\":\"ListItem\",\"position\":1,\"name\":\"Portada\",\"item\":\"https:\/\/labtd.campeche.gob.mx\/\"},{\"@type\":\"ListItem\",\"position\":2,\"name\":\"Sostenibilidad\"}]},{\"@type\":\"WebSite\",\"@id\":\"https:\/\/labtd.campeche.gob.mx\/#website\",\"url\":\"https:\/\/labtd.campeche.gob.mx\/\",\"name\":\"LABTD\",\"description\":\"Digitalizaci\u00f3n para el desarrollo integral de Campeche.\",\"publisher\":{\"@id\":\"https:\/\/labtd.campeche.gob.mx\/#organization\"},\"potentialAction\":[{\"@type\":\"SearchAction\",\"target\":{\"@type\":\"EntryPoint\",\"urlTemplate\":\"https:\/\/labtd.campeche.gob.mx\/?s={search_term_string}\"},\"query-input\":{\"@type\":\"PropertyValueSpecification\",\"valueRequired\":true,\"valueName\":\"search_term_string\"}}],\"inLanguage\":\"es\"},{\"@type\":\"Organization\",\"@id\":\"https:\/\/labtd.campeche.gob.mx\/#organization\",\"name\":\"Laboratorios de Transformaci\u00f3n Digital\",\"url\":\"https:\/\/labtd.campeche.gob.mx\/\",\"logo\":{\"@type\":\"ImageObject\",\"inLanguage\":\"es\",\"@id\":\"https:\/\/labtd.campeche.gob.mx\/#\/schema\/logo\/image\/\",\"url\":\"https:\/\/labtd.campeche.gob.mx\/wp-content\/uploads\/Logo_home.png\",\"contentUrl\":\"https:\/\/labtd.campeche.gob.mx\/wp-content\/uploads\/Logo_home.png\",\"width\":538,\"height\":250,\"caption\":\"Laboratorios de Transformaci\u00f3n Digital\"},\"image\":{\"@id\":\"https:\/\/labtd.campeche.gob.mx\/#\/schema\/logo\/image\/\"},\"sameAs\":[\"https:\/\/www.facebook.com\/profile.php?id=100083646365288\",\"https:\/\/x.com\/ConectCampeche\",\"https:\/\/www.youtube.com\/@conectividadparatodos\"]}]}<\/script>\n<!-- \/ Yoast SEO plugin. -->","yoast_head_json":{"title":"Sostenibilidad - Laboratorios de Transformaci\u00f3n Digital","robots":{"index":"index","follow":"follow","max-snippet":"max-snippet:-1","max-image-preview":"max-image-preview:large","max-video-preview":"max-video-preview:-1"},"canonical":"https:\/\/labtd.campeche.gob.mx\/?page_id=1600","og_locale":"es_ES","og_type":"article","og_title":"Sostenibilidad - Laboratorios de Transformaci\u00f3n Digital","og_description":"SostenibilidadLos Laboratorios de Transformaci\u00f3n Digital son un modelo sostenible porque su impacto trasciende la inversi\u00f3n inicial. Su sostenibilidad se basa en: Capacitaci\u00f3n y certificaci\u00f3n continua: las Instituciones de Educaci\u00f3n Superior P\u00fablica IESP, junto con el Gobierno y las Empresas Tecnol\u00f3gicas imparten de forma permanente las capacitaciones a los alumnos en tecnolog\u00edas emergentes. Generaci\u00f3n de empleo: [&hellip;]","og_site_name":"Laboratorios de Transformaci\u00f3n Digital","article_publisher":"https:\/\/www.facebook.com\/profile.php?id=100083646365288","article_modified_time":"2025-05-19T21:26:25+00:00","twitter_card":"summary_large_image","twitter_site":"@ConectCampeche","twitter_misc":{"Tiempo de lectura":"2 minutos"},"schema":{"@context":"https:\/\/schema.org","@graph":[{"@type":"WebPage","@id":"https:\/\/labtd.campeche.gob.mx\/?page_id=1600","url":"https:\/\/labtd.campeche.gob.mx\/?page_id=1600","name":"Sostenibilidad - Laboratorios de Transformaci\u00f3n Digital","isPartOf":{"@id":"https:\/\/labtd.campeche.gob.mx\/#website"},"datePublished":"2024-01-29T17:24:20+00:00","dateModified":"2025-05-19T21:26:25+00:00","breadcrumb":{"@id":"https:\/\/labtd.campeche.gob.mx\/?page_id=1600#breadcrumb"},"inLanguage":"es","potentialAction":[{"@type":"ReadAction","target":["https:\/\/labtd.campeche.gob.mx\/?page_id=1600"]}]},{"@type":"BreadcrumbList","@id":"https:\/\/labtd.campeche.gob.mx\/?page_id=1600#breadcrumb","itemListElement":[{"@type":"ListItem","position":1,"name":"Portada","item":"https:\/\/labtd.campeche.gob.mx\/"},{"@type":"ListItem","position":2,"name":"Sostenibilidad"}]},{"@type":"WebSite","@id":"https:\/\/labtd.campeche.gob.mx\/#website","url":"https:\/\/labtd.campeche.gob.mx\/","name":"LABTD","description":"Digitalizaci\u00f3n para el desarrollo integral de Campeche.","publisher":{"@id":"https:\/\/labtd.campeche.gob.mx\/#organization"},"potentialAction":[{"@type":"SearchAction","target":{"@type":"EntryPoint","urlTemplate":"https:\/\/labtd.campeche.gob.mx\/?s={search_term_string}"},"query-input":{"@type":"PropertyValueSpecification","valueRequired":true,"valueName":"search_term_string"}}],"inLanguage":"es"},{"@type":"Organization","@id":"https:\/\/labtd.campeche.gob.mx\/#organization","name":"Laboratorios de Transformaci\u00f3n Digital","url":"https:\/\/labtd.campeche.gob.mx\/","logo":{"@type":"ImageObject","inLanguage":"es","@id":"https:\/\/labtd.campeche.gob.mx\/#\/schema\/logo\/image\/","url":"https:\/\/labtd.campeche.gob.mx\/wp-content\/uploads\/Logo_home.png","contentUrl":"https:\/\/labtd.campeche.gob.mx\/wp-content\/uploads\/Logo_home.png","width":538,"height":250,"caption":"Laboratorios de Transformaci\u00f3n Digital"},"image":{"@id":"https:\/\/labtd.campeche.gob.mx\/#\/schema\/logo\/image\/"},"sameAs":["https:\/\/www.facebook.com\/profile.php?id=100083646365288","https:\/\/x.com\/ConectCampeche","https:\/\/www.youtube.com\/@conectividadparatodos"]}]}},"_links":{"self":[{"href":"https:\/\/labtd.campeche.gob.mx\/index.php?rest_route=\/wp\/v2\/pages\/1600","targetHints":{"allow":["GET"]}}],"collection":[{"href":"https:\/\/labtd.campeche.gob.mx\/index.php?rest_route=\/wp\/v2\/pages"}],"about":[{"href":"https:\/\/labtd.campeche.gob.mx\/index.php?rest_route=\/wp\/v2\/types\/page"}],"author":[{"embeddable":true,"href":"https:\/\/labtd.campeche.gob.mx\/index.php?rest_route=\/wp\/v2\/users\/1"}],"replies":[{"embeddable":true,"href":"https:\/\/labtd.campeche.gob.mx\/index.php?rest_route=%2Fwp%2Fv2%2Fcomments&post=1600"}],"version-history":[{"count":19,"href":"https:\/\/labtd.campeche.gob.mx\/index.php?rest_route=\/wp\/v2\/pages\/1600\/revisions"}],"predecessor-version":[{"id":2259,"href":"https:\/\/labtd.campeche.gob.mx\/index.php?rest_route=\/wp\/v2\/pages\/1600\/revisions\/2259"}],"wp:attachment":[{"href":"https:\/\/labtd.campeche.gob.mx\/index.php?rest_route=%2Fwp%2Fv2%2Fmedia&parent=1600"}],"curies":[{"name":"wp","href":"https:\/\/api.w.org\/{rel}","templated":true}]}}