{"id":1608,"date":"2024-01-29T11:39:33","date_gmt":"2024-01-29T17:39:33","guid":{"rendered":"https:\/\/labtd.campeche.gob.mx\/?page_id=1608"},"modified":"2025-12-18T11:47:02","modified_gmt":"2025-12-18T17:47:02","slug":"impacto","status":"publish","type":"page","link":"https:\/\/labtd.campeche.gob.mx\/?page_id=1608","title":{"rendered":"Impacto"},"content":{"rendered":"<p>[et_pb_section fb_built=\u00bb1&#8243; _builder_version=\u00bb4.25.1&#8243; _module_preset=\u00bbdefault\u00bb background_color=\u00bb#9F2241&#8243; global_colors_info=\u00bb{}\u00bb][et_pb_row _builder_version=\u00bb4.19.2&#8243; _module_preset=\u00bbdefault\u00bb global_colors_info=\u00bb{}\u00bb][et_pb_column type=\u00bb4_4&#8243; _builder_version=\u00bb4.19.2&#8243; _module_preset=\u00bbdefault\u00bb global_colors_info=\u00bb{}\u00bb][et_pb_text _builder_version=\u00bb4.19.2&#8243; _module_preset=\u00bbdefault\u00bb header_font=\u00bb|600|on||||||\u00bb header_text_color=\u00bb#FFFFFF\u00bb global_colors_info=\u00bb{}\u00bb]<\/p>\n<h1 style=\"text-align: center;\">Impacto<\/h1>\n<p>[\/et_pb_text][\/et_pb_column][\/et_pb_row][\/et_pb_section][et_pb_section fb_built=\u00bb1&#8243; _builder_version=\u00bb4.19.2&#8243; _module_preset=\u00bbdefault\u00bb global_colors_info=\u00bb{}\u00bb][et_pb_row _builder_version=\u00bb4.19.2&#8243; _module_preset=\u00bbdefault\u00bb global_colors_info=\u00bb{}\u00bb][et_pb_column type=\u00bb4_4&#8243; _builder_version=\u00bb4.19.2&#8243; _module_preset=\u00bbdefault\u00bb global_colors_info=\u00bb{}\u00bb][et_pb_text _builder_version=\u00bb4.19.2&#8243; _module_preset=\u00bbdefault\u00bb text_text_color=\u00bb#6b6b6b\u00bb text_font_size=\u00bb18px\u00bb global_colors_info=\u00bb{}\u00bb]<\/p>\n<p><strong>Impacto econ\u00f3mico.<\/strong><\/p>\n<p>[\/et_pb_text][\/et_pb_column][\/et_pb_row][et_pb_row _builder_version=\u00bb4.19.2&#8243; _module_preset=\u00bbdefault\u00bb global_colors_info=\u00bb{}\u00bb][et_pb_column type=\u00bb4_4&#8243; _builder_version=\u00bb4.19.2&#8243; _module_preset=\u00bbdefault\u00bb global_colors_info=\u00bb{}\u00bb][et_pb_text _builder_version=\u00bb4.27.4&#8243; _module_preset=\u00bbdefault\u00bb text_text_color=\u00bb#6b6b6b\u00bb text_font_size=\u00bb18px\u00bb custom_padding=\u00bb||0px|||\u00bb hover_enabled=\u00bb0&#8243; global_colors_info=\u00bb{}\u00bb sticky_enabled=\u00bb0&#8243;]<\/p>\n<p style=\"text-align: justify;\">El proyecto LABORATORIOS DE TRANSFORMACI\u00d3N DIGITAL en su primer a\u00f1o creo 20 aplicaciones y tecnolog\u00edas digitales que beneficiar\u00e1n a todas las secretar\u00edas y \u00f3rganos desconcentrados del Gobierno del Estado de Campeche, capacito a 500 alumnos del \u00faltimo a\u00f1o de la carrera en tecnolog\u00edas de frontera.<\/p>\n<p style=\"text-align: justify;\">Ahorrar\u00e1 en la digitalizaci\u00f3n del gobierno alrededor de 233.5 millones de pesos y contribuye al cumplimiento de 14 de los Objetivos del Desarrollo Sustentable.<\/p>\n<p style=\"text-align: justify;\">Con los Laboratorios de Transformaci\u00f3n Digital, el Gobierno de Campeche contar\u00e1 con los recursos humanos suficientes y certificados para llevar a cabo el proceso de digitalizaci\u00f3n de toda la administraci\u00f3n y sus servicios.<\/p>\n<p>[\/et_pb_text][\/et_pb_column][\/et_pb_row][et_pb_row _builder_version=\u00bb4.19.2&#8243; _module_preset=\u00bbdefault\u00bb global_colors_info=\u00bb{}\u00bb][et_pb_column type=\u00bb4_4&#8243; _builder_version=\u00bb4.19.2&#8243; _module_preset=\u00bbdefault\u00bb global_colors_info=\u00bb{}\u00bb][et_pb_text _builder_version=\u00bb4.19.2&#8243; _module_preset=\u00bbdefault\u00bb text_text_color=\u00bb#6b6b6b\u00bb text_font_size=\u00bb18px\u00bb global_colors_info=\u00bb{}\u00bb]<\/p>\n<p><strong>Impacto econ\u00f3mico.<\/strong><\/p>\n<p>[\/et_pb_text][\/et_pb_column][\/et_pb_row][et_pb_row _builder_version=\u00bb4.19.2&#8243; _module_preset=\u00bbdefault\u00bb global_colors_info=\u00bb{}\u00bb][et_pb_column type=\u00bb4_4&#8243; _builder_version=\u00bb4.19.2&#8243; _module_preset=\u00bbdefault\u00bb global_colors_info=\u00bb{}\u00bb][et_pb_text _builder_version=\u00bb4.27.4&#8243; _module_preset=\u00bbdefault\u00bb text_text_color=\u00bb#6b6b6b\u00bb text_font_size=\u00bb18px\u00bb hover_enabled=\u00bb0&#8243; global_colors_info=\u00bb{}\u00bb sticky_enabled=\u00bb0&#8243;]<\/p>\n<p style=\"text-align: justify;\">Las Instituciones de Educaci\u00f3n Superior contar\u00e1n con los Laboratorios de Transformaci\u00f3n Digital con la tecnolog\u00eda m\u00e1s avanzada respecto a los temas de Transformaci\u00f3n Digital y con un sistema de certificaci\u00f3n compartido con el gobierno y las empresas tecnol\u00f3gicas.<\/p>\n<p style=\"text-align: justify;\">Los alumnos recibir\u00e1n cursos y actualizaciones en tecnolog\u00edas de frontera que ser\u00e1n certificadas potenciando sus habilidades para que cuando se integren a la fuerza laboral reciban un mejor sueldo.<\/p>\n<p style=\"text-align: justify;\">Los proyectos generar\u00e1n grupos de alumnos que contar\u00e1n con la posibilidad de convertirse en Empresas Creativas de Base Tecnol\u00f3gica.<\/p>\n<p>[\/et_pb_text][\/et_pb_column][\/et_pb_row][et_pb_row _builder_version=\u00bb4.19.2&#8243; _module_preset=\u00bbdefault\u00bb custom_padding=\u00bb||4px|||\u00bb global_colors_info=\u00bb{}\u00bb][et_pb_column type=\u00bb4_4&#8243; _builder_version=\u00bb4.19.2&#8243; _module_preset=\u00bbdefault\u00bb global_colors_info=\u00bb{}\u00bb][et_pb_text _builder_version=\u00bb4.19.2&#8243; _module_preset=\u00bbdefault\u00bb text_text_color=\u00bb#6b6b6b\u00bb text_font_size=\u00bb18px\u00bb global_colors_info=\u00bb{}\u00bb]<\/p>\n<p style=\"text-align: justify;\"><strong>Impacto medio ambiental.<\/strong><\/p>\n<p>[\/et_pb_text][\/et_pb_column][\/et_pb_row][et_pb_row _builder_version=\u00bb4.19.2&#8243; _module_preset=\u00bbdefault\u00bb global_colors_info=\u00bb{}\u00bb][et_pb_column type=\u00bb4_4&#8243; _builder_version=\u00bb4.19.2&#8243; _module_preset=\u00bbdefault\u00bb global_colors_info=\u00bb{}\u00bb][et_pb_text _builder_version=\u00bb4.27.4&#8243; _module_preset=\u00bbdefault\u00bb text_text_color=\u00bb#6b6b6b\u00bb text_font_size=\u00bb18px\u00bb hover_enabled=\u00bb0&#8243; global_colors_info=\u00bb{}\u00bb sticky_enabled=\u00bb0&#8243;]<\/p>\n<p style=\"text-align: justify;\">Los ciudadanos campechanos ingresar\u00e1n a la Econom\u00eda Digital, en zonas rurales, subir\u00e1 consistentemente el uso de internet, el porcentaje de personas mayores que lo utilizan tambi\u00e9n, m\u00e1s alumnos podr\u00e1n conectar a internet sus computadoras y celulares y tendr\u00e1n una mejor educaci\u00f3n tecnol\u00f3gica, podr\u00e1n utilizar con m\u00e1s confianza los servicios bancarios y del gobierno por medio de sus dispositivos, tendr\u00e1n una mejor seguridad p\u00fablica y m\u00e1s coordinaci\u00f3n con los sistemas de movilidad, tambi\u00e9n mejoraran los servicios culturales y comprar\u00e1n y vender\u00e1n sus productos en l\u00ednea, tendr\u00e1n mejores programas sociales y una mayor informaci\u00f3n que les permitir\u00e1 sembrar mejor, conocer\u00e1n m\u00e1s sobre medio ambiente y cuidar\u00e1n mejor a las plantas y animales que habitan el estado.<\/p>\n<p>[\/et_pb_text][\/et_pb_column][\/et_pb_row][\/et_pb_section]<\/p>\n","protected":false},"excerpt":{"rendered":"<p>ImpactoImpacto econ\u00f3mico.El proyecto LABORATORIOS DE TRANSFORMACI\u00d3N DIGITAL en su primer a\u00f1o creo 20 aplicaciones y tecnolog\u00edas digitales que beneficiar\u00e1n a todas las secretar\u00edas y \u00f3rganos desconcentrados del Gobierno del Estado de Campeche, capacito a 500 alumnos del \u00faltimo a\u00f1o de la carrera en tecnolog\u00edas de frontera. Ahorrar\u00e1 en la digitalizaci\u00f3n del gobierno alrededor de 233.5 [&hellip;]<\/p>\n","protected":false},"author":1,"featured_media":0,"parent":0,"menu_order":0,"comment_status":"closed","ping_status":"closed","template":"","meta":{"_acf_changed":false,"_et_pb_use_builder":"on","_et_pb_old_content":"","_et_gb_content_width":"","inline_featured_image":false,"footnotes":""},"class_list":["post-1608","page","type-page","status-publish","hentry"],"acf":[],"yoast_head":"<!-- This site is optimized with the Yoast SEO plugin v25.0 - https:\/\/yoast.com\/wordpress\/plugins\/seo\/ -->\n<title>Impacto - Laboratorios de Transformaci\u00f3n Digital<\/title>\n<meta name=\"robots\" content=\"index, follow, max-snippet:-1, max-image-preview:large, max-video-preview:-1\" \/>\n<link rel=\"canonical\" href=\"https:\/\/labtd.campeche.gob.mx\/?page_id=1608\" \/>\n<meta property=\"og:locale\" content=\"es_ES\" \/>\n<meta property=\"og:type\" content=\"article\" \/>\n<meta property=\"og:title\" content=\"Impacto - Laboratorios de Transformaci\u00f3n Digital\" \/>\n<meta property=\"og:description\" content=\"ImpactoImpacto econ\u00f3mico.El proyecto LABORATORIOS DE TRANSFORMACI\u00d3N DIGITAL en su primer a\u00f1o creo 20 aplicaciones y tecnolog\u00edas digitales que beneficiar\u00e1n a todas las secretar\u00edas y \u00f3rganos desconcentrados del Gobierno del Estado de Campeche, capacito a 500 alumnos del \u00faltimo a\u00f1o de la carrera en tecnolog\u00edas de frontera. Ahorrar\u00e1 en la digitalizaci\u00f3n del gobierno alrededor de 233.5 [&hellip;]\" \/>\n<meta property=\"og:site_name\" content=\"Laboratorios de Transformaci\u00f3n Digital\" \/>\n<meta property=\"article:publisher\" content=\"https:\/\/www.facebook.com\/profile.php?id=100083646365288\" \/>\n<meta property=\"article:modified_time\" content=\"2025-12-18T17:47:02+00:00\" \/>\n<meta name=\"twitter:card\" content=\"summary_large_image\" \/>\n<meta name=\"twitter:site\" content=\"@ConectCampeche\" \/>\n<meta name=\"twitter:label1\" content=\"Tiempo de lectura\" \/>\n\t<meta name=\"twitter:data1\" content=\"4 minutos\" \/>\n<script type=\"application\/ld+json\" class=\"yoast-schema-graph\">{\"@context\":\"https:\/\/schema.org\",\"@graph\":[{\"@type\":\"WebPage\",\"@id\":\"https:\/\/labtd.campeche.gob.mx\/?page_id=1608\",\"url\":\"https:\/\/labtd.campeche.gob.mx\/?page_id=1608\",\"name\":\"Impacto - Laboratorios de Transformaci\u00f3n Digital\",\"isPartOf\":{\"@id\":\"https:\/\/labtd.campeche.gob.mx\/#website\"},\"datePublished\":\"2024-01-29T17:39:33+00:00\",\"dateModified\":\"2025-12-18T17:47:02+00:00\",\"breadcrumb\":{\"@id\":\"https:\/\/labtd.campeche.gob.mx\/?page_id=1608#breadcrumb\"},\"inLanguage\":\"es\",\"potentialAction\":[{\"@type\":\"ReadAction\",\"target\":[\"https:\/\/labtd.campeche.gob.mx\/?page_id=1608\"]}]},{\"@type\":\"BreadcrumbList\",\"@id\":\"https:\/\/labtd.campeche.gob.mx\/?page_id=1608#breadcrumb\",\"itemListElement\":[{\"@type\":\"ListItem\",\"position\":1,\"name\":\"Portada\",\"item\":\"https:\/\/labtd.campeche.gob.mx\/\"},{\"@type\":\"ListItem\",\"position\":2,\"name\":\"Impacto\"}]},{\"@type\":\"WebSite\",\"@id\":\"https:\/\/labtd.campeche.gob.mx\/#website\",\"url\":\"https:\/\/labtd.campeche.gob.mx\/\",\"name\":\"LABTD\",\"description\":\"Digitalizaci\u00f3n para el desarrollo integral de Campeche.\",\"publisher\":{\"@id\":\"https:\/\/labtd.campeche.gob.mx\/#organization\"},\"potentialAction\":[{\"@type\":\"SearchAction\",\"target\":{\"@type\":\"EntryPoint\",\"urlTemplate\":\"https:\/\/labtd.campeche.gob.mx\/?s={search_term_string}\"},\"query-input\":{\"@type\":\"PropertyValueSpecification\",\"valueRequired\":true,\"valueName\":\"search_term_string\"}}],\"inLanguage\":\"es\"},{\"@type\":\"Organization\",\"@id\":\"https:\/\/labtd.campeche.gob.mx\/#organization\",\"name\":\"Laboratorios de Transformaci\u00f3n Digital\",\"url\":\"https:\/\/labtd.campeche.gob.mx\/\",\"logo\":{\"@type\":\"ImageObject\",\"inLanguage\":\"es\",\"@id\":\"https:\/\/labtd.campeche.gob.mx\/#\/schema\/logo\/image\/\",\"url\":\"https:\/\/labtd.campeche.gob.mx\/wp-content\/uploads\/Logo_home.png\",\"contentUrl\":\"https:\/\/labtd.campeche.gob.mx\/wp-content\/uploads\/Logo_home.png\",\"width\":538,\"height\":250,\"caption\":\"Laboratorios de Transformaci\u00f3n Digital\"},\"image\":{\"@id\":\"https:\/\/labtd.campeche.gob.mx\/#\/schema\/logo\/image\/\"},\"sameAs\":[\"https:\/\/www.facebook.com\/profile.php?id=100083646365288\",\"https:\/\/x.com\/ConectCampeche\",\"https:\/\/www.youtube.com\/@conectividadparatodos\"]}]}<\/script>\n<!-- \/ Yoast SEO plugin. -->","yoast_head_json":{"title":"Impacto - Laboratorios de Transformaci\u00f3n Digital","robots":{"index":"index","follow":"follow","max-snippet":"max-snippet:-1","max-image-preview":"max-image-preview:large","max-video-preview":"max-video-preview:-1"},"canonical":"https:\/\/labtd.campeche.gob.mx\/?page_id=1608","og_locale":"es_ES","og_type":"article","og_title":"Impacto - Laboratorios de Transformaci\u00f3n Digital","og_description":"ImpactoImpacto econ\u00f3mico.El proyecto LABORATORIOS DE TRANSFORMACI\u00d3N DIGITAL en su primer a\u00f1o creo 20 aplicaciones y tecnolog\u00edas digitales que beneficiar\u00e1n a todas las secretar\u00edas y \u00f3rganos desconcentrados del Gobierno del Estado de Campeche, capacito a 500 alumnos del \u00faltimo a\u00f1o de la carrera en tecnolog\u00edas de frontera. Ahorrar\u00e1 en la digitalizaci\u00f3n del gobierno alrededor de 233.5 [&hellip;]","og_site_name":"Laboratorios de Transformaci\u00f3n Digital","article_publisher":"https:\/\/www.facebook.com\/profile.php?id=100083646365288","article_modified_time":"2025-12-18T17:47:02+00:00","twitter_card":"summary_large_image","twitter_site":"@ConectCampeche","twitter_misc":{"Tiempo de lectura":"4 minutos"},"schema":{"@context":"https:\/\/schema.org","@graph":[{"@type":"WebPage","@id":"https:\/\/labtd.campeche.gob.mx\/?page_id=1608","url":"https:\/\/labtd.campeche.gob.mx\/?page_id=1608","name":"Impacto - Laboratorios de Transformaci\u00f3n Digital","isPartOf":{"@id":"https:\/\/labtd.campeche.gob.mx\/#website"},"datePublished":"2024-01-29T17:39:33+00:00","dateModified":"2025-12-18T17:47:02+00:00","breadcrumb":{"@id":"https:\/\/labtd.campeche.gob.mx\/?page_id=1608#breadcrumb"},"inLanguage":"es","potentialAction":[{"@type":"ReadAction","target":["https:\/\/labtd.campeche.gob.mx\/?page_id=1608"]}]},{"@type":"BreadcrumbList","@id":"https:\/\/labtd.campeche.gob.mx\/?page_id=1608#breadcrumb","itemListElement":[{"@type":"ListItem","position":1,"name":"Portada","item":"https:\/\/labtd.campeche.gob.mx\/"},{"@type":"ListItem","position":2,"name":"Impacto"}]},{"@type":"WebSite","@id":"https:\/\/labtd.campeche.gob.mx\/#website","url":"https:\/\/labtd.campeche.gob.mx\/","name":"LABTD","description":"Digitalizaci\u00f3n para el desarrollo integral de Campeche.","publisher":{"@id":"https:\/\/labtd.campeche.gob.mx\/#organization"},"potentialAction":[{"@type":"SearchAction","target":{"@type":"EntryPoint","urlTemplate":"https:\/\/labtd.campeche.gob.mx\/?s={search_term_string}"},"query-input":{"@type":"PropertyValueSpecification","valueRequired":true,"valueName":"search_term_string"}}],"inLanguage":"es"},{"@type":"Organization","@id":"https:\/\/labtd.campeche.gob.mx\/#organization","name":"Laboratorios de Transformaci\u00f3n Digital","url":"https:\/\/labtd.campeche.gob.mx\/","logo":{"@type":"ImageObject","inLanguage":"es","@id":"https:\/\/labtd.campeche.gob.mx\/#\/schema\/logo\/image\/","url":"https:\/\/labtd.campeche.gob.mx\/wp-content\/uploads\/Logo_home.png","contentUrl":"https:\/\/labtd.campeche.gob.mx\/wp-content\/uploads\/Logo_home.png","width":538,"height":250,"caption":"Laboratorios de Transformaci\u00f3n Digital"},"image":{"@id":"https:\/\/labtd.campeche.gob.mx\/#\/schema\/logo\/image\/"},"sameAs":["https:\/\/www.facebook.com\/profile.php?id=100083646365288","https:\/\/x.com\/ConectCampeche","https:\/\/www.youtube.com\/@conectividadparatodos"]}]}},"_links":{"self":[{"href":"https:\/\/labtd.campeche.gob.mx\/index.php?rest_route=\/wp\/v2\/pages\/1608","targetHints":{"allow":["GET"]}}],"collection":[{"href":"https:\/\/labtd.campeche.gob.mx\/index.php?rest_route=\/wp\/v2\/pages"}],"about":[{"href":"https:\/\/labtd.campeche.gob.mx\/index.php?rest_route=\/wp\/v2\/types\/page"}],"author":[{"embeddable":true,"href":"https:\/\/labtd.campeche.gob.mx\/index.php?rest_route=\/wp\/v2\/users\/1"}],"replies":[{"embeddable":true,"href":"https:\/\/labtd.campeche.gob.mx\/index.php?rest_route=%2Fwp%2Fv2%2Fcomments&post=1608"}],"version-history":[{"count":16,"href":"https:\/\/labtd.campeche.gob.mx\/index.php?rest_route=\/wp\/v2\/pages\/1608\/revisions"}],"predecessor-version":[{"id":2272,"href":"https:\/\/labtd.campeche.gob.mx\/index.php?rest_route=\/wp\/v2\/pages\/1608\/revisions\/2272"}],"wp:attachment":[{"href":"https:\/\/labtd.campeche.gob.mx\/index.php?rest_route=%2Fwp%2Fv2%2Fmedia&parent=1608"}],"curies":[{"name":"wp","href":"https:\/\/api.w.org\/{rel}","templated":true}]}}