{"id":1611,"date":"2024-01-29T11:45:40","date_gmt":"2024-01-29T17:45:40","guid":{"rendered":"https:\/\/labtd.campeche.gob.mx\/?page_id=1611"},"modified":"2026-02-13T15:48:35","modified_gmt":"2026-02-13T21:48:35","slug":"desafios","status":"publish","type":"page","link":"https:\/\/labtd.campeche.gob.mx\/?page_id=1611","title":{"rendered":"Desaf\u00edos"},"content":{"rendered":"<p>[et_pb_section fb_built=\u00bb1&#8243; _builder_version=\u00bb4.25.1&#8243; _module_preset=\u00bbdefault\u00bb background_color=\u00bb#9F2241&#8243; global_colors_info=\u00bb{}\u00bb][et_pb_row _builder_version=\u00bb4.19.2&#8243; _module_preset=\u00bbdefault\u00bb global_colors_info=\u00bb{}\u00bb][et_pb_column type=\u00bb4_4&#8243; _builder_version=\u00bb4.19.2&#8243; _module_preset=\u00bbdefault\u00bb global_colors_info=\u00bb{}\u00bb][et_pb_text _builder_version=\u00bb4.19.2&#8243; _module_preset=\u00bbdefault\u00bb header_font=\u00bb|600|on||||||\u00bb header_text_color=\u00bb#FFFFFF\u00bb global_colors_info=\u00bb{}\u00bb]<\/p>\n<h1 style=\"text-align: center;\">Desaf\u00edos<\/h1>\n<p>[\/et_pb_text][\/et_pb_column][\/et_pb_row][\/et_pb_section][et_pb_section fb_built=\u00bb1&#8243; _builder_version=\u00bb4.19.2&#8243; _module_preset=\u00bbdefault\u00bb global_colors_info=\u00bb{}\u00bb][et_pb_row _builder_version=\u00bb4.19.2&#8243; _module_preset=\u00bbdefault\u00bb global_colors_info=\u00bb{}\u00bb][et_pb_column type=\u00bb4_4&#8243; _builder_version=\u00bb4.19.2&#8243; _module_preset=\u00bbdefault\u00bb global_colors_info=\u00bb{}\u00bb][et_pb_image src=\u00bbhttps:\/\/labtd.campeche.gob.mx\/wp-content\/uploads\/5_pasos-escalas.jpg\u00bb title_text=\u00bb5_pasos-escalas\u00bb show_in_lightbox=\u00bbon\u00bb _builder_version=\u00bb4.27.4&#8243; _module_preset=\u00bbdefault\u00bb background_color=\u00bbRGBA(255,255,255,0)\u00bb global_colors_info=\u00bb{}\u00bb][\/et_pb_image][et_pb_text _builder_version=\u00bb4.27.4&#8243; _module_preset=\u00bbdefault\u00bb text_text_color=\u00bb#6b6b6b\u00bb text_font_size=\u00bb18px\u00bb global_colors_info=\u00bb{}\u00bb]<\/p>\n<p><strong>Primer paso: Instalaci\u00f3n de la Infraestructura digital p\u00fablica.<\/strong><\/p>\n<p>[\/et_pb_text][et_pb_text _builder_version=\u00bb4.27.4&#8243; _module_preset=\u00bbdefault\u00bb text_text_color=\u00bb#6b6b6b\u00bb text_font_size=\u00bb18px\u00bb hover_enabled=\u00bb0&#8243; global_colors_info=\u00bb{}\u00bb sticky_enabled=\u00bb0&#8243;]<\/p>\n<p style=\"text-align: justify;\">El proyecto ya instal\u00f3 la Infraestructura Digital P\u00fablica necesaria para el acceso a internet, creando dos servicios, que cubren 300 localidades en las que vive el 92% de la poblaci\u00f3n de Campeche: La Red Dorsal Estatal de fibra \u00f3ptica, que conecta los centros urbanos y una Red Inal\u00e1mbrica de Conexi\u00f3n Remota que conecta las poblaciones rurales y de dif\u00edcil acceso.<\/p>\n<p style=\"text-align: justify;\">Con este sistema, se proporciona una red segura y resistente, con una administraci\u00f3n central que controla autom\u00e1ticamente todos los puntos de acceso, proporcionando la conectividad necesaria para que la poblaci\u00f3n pueda realizar sus labores educativas, de salud y de gobierno.<\/p>\n<p>[\/et_pb_text][et_pb_text _builder_version=\u00bb4.27.4&#8243; _module_preset=\u00bbdefault\u00bb text_text_color=\u00bb#6b6b6b\u00bb text_font_size=\u00bb18px\u00bb global_colors_info=\u00bb{}\u00bb]<\/p>\n<p><strong>Segundo paso: Instalaci\u00f3n del Centro de Datos.<\/strong><\/p>\n<p>[\/et_pb_text][et_pb_text _builder_version=\u00bb4.27.4&#8243; _module_preset=\u00bbdefault\u00bb text_text_color=\u00bb#6b6b6b\u00bb text_font_size=\u00bb18px\u00bb global_colors_info=\u00bb{}\u00bb]<\/p>\n<p style=\"text-align: justify;\">El proyecto contempla la instalaci\u00f3n de un Centro de Datos Modular Nivel II para contar con la infraestructura necesaria que permita el mejoramiento de la calidad de vida de la poblaci\u00f3n de Campeche, mejorando los servicios a la ciudadan\u00eda y generando aplicaciones inteligentes que apoyen la digitalizaci\u00f3n del estado, contribuyendo a la innovaci\u00f3n y al desarrollo econ\u00f3mico, adem\u00e1s de la responsabilidad social y ambiental.<\/p>\n<p style=\"text-align: justify;\">Concentraremos todos los centros de almacenamiento de datos de las instituciones educativas y todos los proyectos de innovaci\u00f3n tecnol\u00f3gica vinculados a la nube, ciberseguridad e inteligencia artificial.<\/p>\n<p style=\"text-align: justify;\">Y tambi\u00e9n concentraremos, con la mejor seguridad posible, toda la informaci\u00f3n que produzca cualquier oficina gubernamental y administraremos la red estatal de \u201cConectividad para Todos\u201d en este centro de datos.<\/p>\n<p>[\/et_pb_text][et_pb_text _builder_version=\u00bb4.27.4&#8243; _module_preset=\u00bbdefault\u00bb text_text_color=\u00bb#6b6b6b\u00bb text_font_size=\u00bb18px\u00bb global_colors_info=\u00bb{}\u00bb]<\/p>\n<p><strong>Tercer paso: La Digitalizaci\u00f3n de la Sociedad.<\/strong><\/p>\n<p>[\/et_pb_text][et_pb_text _builder_version=\u00bb4.27.4&#8243; _module_preset=\u00bbdefault\u00bb text_text_color=\u00bb#6b6b6b\u00bb text_font_size=\u00bb18px\u00bb global_colors_info=\u00bb{}\u00bb]<\/p>\n<p data-start=\"0\" data-end=\"526\" class=\"\" style=\"text-align: justify;\">El proyecto contempla la instalaci\u00f3n de 300 bibliotecas digitales utilizando la infraestructura implementada para el acceso a internet bajo el programa CONECTIVIDAD PARA TODOS. En el caso de las bibliotecas, esto incluye puntos de acceso dentro del edificio, lo que permitir\u00e1 instalar un Aula Digital Colaborativa con un sistema de videoconferencia y computadoras conectadas a una plataforma colaborativa, adem\u00e1s de instalar puntos de acceso fuera del edificio para llevar a cabo la Recuperaci\u00f3n Digital del Espacio P\u00fablico.<\/p>\n<p data-start=\"0\" data-end=\"526\" class=\"\" style=\"text-align: justify;\">Estas bibliotecas garantizar\u00e1n el acceso equitativo de ni\u00f1as, adolescentes, j\u00f3venes y mujeres a eventos de capacitaci\u00f3n, divulgaci\u00f3n y educaci\u00f3n. La igualdad de g\u00e9nero asegurar\u00e1 que ni\u00f1os y ni\u00f1as puedan adquirir habilidades que les brinden oportunidades para contribuir y beneficiarse por igual de experiencias de aprendizaje significativas que transformen su contexto cultural e hist\u00f3rico inmediato.<\/p>\n<p data-start=\"0\" data-end=\"526\" class=\"\" style=\"text-align: justify;\">La educaci\u00f3n informal con un enfoque comunitario desempe\u00f1a un papel fundamental en el inter\u00e9s de los ni\u00f1os por materias y conocimientos relacionados con la ciencia, la tecnolog\u00eda, la ingenier\u00eda y las matem\u00e1ticas. En particular, es estrat\u00e9gico ofrecer experiencias de divulgaci\u00f3n cient\u00edfica con igualdad de oportunidades para fomentar vocaciones e intereses en las ni\u00f1as, motiv\u00e1ndolas a continuar con su educaci\u00f3n hacia el nivel medio superior. Adem\u00e1s, es importante incentivarlas a cursar educaci\u00f3n superior y optar por carreras que les permitan acceder a empleos con mejores salarios en comparaci\u00f3n con los trabajos tradicionalmente vinculados a las mujeres en el futuro.<\/p>\n<p>[\/et_pb_text][et_pb_text _builder_version=\u00bb4.19.2&#8243; _module_preset=\u00bbdefault\u00bb text_text_color=\u00bb#6b6b6b\u00bb text_font_size=\u00bb18px\u00bb global_colors_info=\u00bb{}\u00bb]<\/p>\n<p><strong>Cuarto paso: La Digitalizaci\u00f3n del Gobierno.<\/strong><\/p>\n<p>[\/et_pb_text][et_pb_text _builder_version=\u00bb4.27.4&#8243; _module_preset=\u00bbdefault\u00bb text_text_color=\u00bb#6b6b6b\u00bb text_font_size=\u00bb18px\u00bb global_colors_info=\u00bb{}\u00bb]<\/p>\n<p style=\"text-align: justify;\">La digitalizaci\u00f3n del gobierno a partir de la creaci\u00f3n de 13 laboratorios de Transformaci\u00f3n Digital en las 13 instituciones de educaci\u00f3n superior que existen en el estado y, que tiene como objetivo, el aprovechamiento de los conocimientos tecnol\u00f3gicos de los estudiantes para potenciarlos, cre\u00e1ndose nuevas habilidades en tecnolog\u00edas de frontera como: Inteligencia artificial, internet de las cosas, ciencias de datos, plataformas digitales, blockchain, pagos electr\u00f3nicos, rob\u00f3tica, an\u00e1lisis de im\u00e1genes satelitales, nube, ciberseguridad, realidad virtual y aumentada, energ\u00eda solar y e\u00f3lica, multimedia y tecnolog\u00eda espacial que concluyan el proceso de digitalizaci\u00f3n de las secretar\u00edas y \u00f3rganos desconcentrados de todo el gobierno en un solo a\u00f1o.<\/p>\n<p>[\/et_pb_text][et_pb_text _builder_version=\u00bb4.27.4&#8243; _module_preset=\u00bbdefault\u00bb text_text_color=\u00bb#6b6b6b\u00bb text_font_size=\u00bb18px\u00bb global_colors_info=\u00bb{}\u00bb]<\/p>\n<p><strong>Quinto paso: Integraci\u00f3n de la innovaci\u00f3n en las empresas.<\/strong><\/p>\n<p>[\/et_pb_text][et_pb_text _builder_version=\u00bb4.27.4&#8243; _module_preset=\u00bbdefault\u00bb text_text_color=\u00bb#6b6b6b\u00bb text_font_size=\u00bb18px\u00bb global_colors_info=\u00bb{}\u00bb]<\/p>\n<p style=\"text-align: justify;\">Estos 13 Laboratorios de Transformaci\u00f3n Digital recibir\u00e1n una capacitaci\u00f3n de alto nivel en el aspecto tecnol\u00f3gico, pero tambi\u00e9n en el emprendimiento, para que se conviertan en las Empresas Creativas de Base Tecnol\u00f3gica que requiere nuestro estado, aprovechando la extensi\u00f3n geogr\u00e1fica de las instituciones de educaci\u00f3n superior para horizontalizar los beneficios tecnol\u00f3gicos en la totalidad del estado.<\/p>\n<p style=\"text-align: justify;\">El principio fundamental de todo el proyecto es que los beneficios de la econom\u00eda digital lleguen a todos los campechanos, no importando su ubicaci\u00f3n geogr\u00e1fica ni su capacidad adquisitiva.<\/p>\n<p style=\"text-align: justify;\">En Resumen, como dice nuestra gobernadora, el proyecto \u201cLaboratorios de Transformaci\u00f3n Digital\u201d <em><strong>es para igualar a los m\u00e1s desiguales.<\/strong><\/em><\/p>\n<p>[\/et_pb_text][\/et_pb_column][\/et_pb_row][\/et_pb_section]<\/p>\n","protected":false},"excerpt":{"rendered":"<p>Desaf\u00edosPrimer paso: Instalaci\u00f3n de la Infraestructura digital p\u00fablica.El proyecto ya instal\u00f3 la Infraestructura Digital P\u00fablica necesaria para el acceso a internet, creando dos servicios, que cubren 300 localidades en las que vive el 92% de la poblaci\u00f3n de Campeche: La Red Dorsal Estatal de fibra \u00f3ptica, que conecta los centros urbanos y una Red Inal\u00e1mbrica [&hellip;]<\/p>\n","protected":false},"author":1,"featured_media":0,"parent":0,"menu_order":0,"comment_status":"closed","ping_status":"closed","template":"","meta":{"_acf_changed":false,"_et_pb_use_builder":"on","_et_pb_old_content":"","_et_gb_content_width":"","inline_featured_image":false,"footnotes":""},"class_list":["post-1611","page","type-page","status-publish","hentry"],"acf":[],"yoast_head":"<!-- This site is optimized with the Yoast SEO plugin v25.0 - https:\/\/yoast.com\/wordpress\/plugins\/seo\/ -->\n<title>Desaf\u00edos - Laboratorios de Transformaci\u00f3n Digital<\/title>\n<meta name=\"robots\" content=\"index, follow, max-snippet:-1, max-image-preview:large, max-video-preview:-1\" \/>\n<link rel=\"canonical\" href=\"https:\/\/labtd.campeche.gob.mx\/?page_id=1611\" \/>\n<meta property=\"og:locale\" content=\"es_ES\" \/>\n<meta property=\"og:type\" content=\"article\" \/>\n<meta property=\"og:title\" content=\"Desaf\u00edos - Laboratorios de Transformaci\u00f3n Digital\" \/>\n<meta property=\"og:description\" content=\"Desaf\u00edosPrimer paso: Instalaci\u00f3n de la Infraestructura digital p\u00fablica.El proyecto ya instal\u00f3 la Infraestructura Digital P\u00fablica necesaria para el acceso a internet, creando dos servicios, que cubren 300 localidades en las que vive el 92% de la poblaci\u00f3n de Campeche: La Red Dorsal Estatal de fibra \u00f3ptica, que conecta los centros urbanos y una Red Inal\u00e1mbrica [&hellip;]\" \/>\n<meta property=\"og:site_name\" content=\"Laboratorios de Transformaci\u00f3n Digital\" \/>\n<meta property=\"article:publisher\" content=\"https:\/\/www.facebook.com\/profile.php?id=100083646365288\" \/>\n<meta property=\"article:modified_time\" content=\"2026-02-13T21:48:35+00:00\" \/>\n<meta name=\"twitter:card\" content=\"summary_large_image\" \/>\n<meta name=\"twitter:site\" content=\"@ConectCampeche\" \/>\n<meta name=\"twitter:label1\" content=\"Tiempo de lectura\" \/>\n\t<meta name=\"twitter:data1\" content=\"6 minutos\" \/>\n<script type=\"application\/ld+json\" class=\"yoast-schema-graph\">{\"@context\":\"https:\/\/schema.org\",\"@graph\":[{\"@type\":\"WebPage\",\"@id\":\"https:\/\/labtd.campeche.gob.mx\/?page_id=1611\",\"url\":\"https:\/\/labtd.campeche.gob.mx\/?page_id=1611\",\"name\":\"Desaf\u00edos - Laboratorios de Transformaci\u00f3n Digital\",\"isPartOf\":{\"@id\":\"https:\/\/labtd.campeche.gob.mx\/#website\"},\"datePublished\":\"2024-01-29T17:45:40+00:00\",\"dateModified\":\"2026-02-13T21:48:35+00:00\",\"breadcrumb\":{\"@id\":\"https:\/\/labtd.campeche.gob.mx\/?page_id=1611#breadcrumb\"},\"inLanguage\":\"es\",\"potentialAction\":[{\"@type\":\"ReadAction\",\"target\":[\"https:\/\/labtd.campeche.gob.mx\/?page_id=1611\"]}]},{\"@type\":\"BreadcrumbList\",\"@id\":\"https:\/\/labtd.campeche.gob.mx\/?page_id=1611#breadcrumb\",\"itemListElement\":[{\"@type\":\"ListItem\",\"position\":1,\"name\":\"Portada\",\"item\":\"https:\/\/labtd.campeche.gob.mx\/\"},{\"@type\":\"ListItem\",\"position\":2,\"name\":\"Desaf\u00edos\"}]},{\"@type\":\"WebSite\",\"@id\":\"https:\/\/labtd.campeche.gob.mx\/#website\",\"url\":\"https:\/\/labtd.campeche.gob.mx\/\",\"name\":\"LABTD\",\"description\":\"Digitalizaci\u00f3n para el desarrollo integral de Campeche.\",\"publisher\":{\"@id\":\"https:\/\/labtd.campeche.gob.mx\/#organization\"},\"potentialAction\":[{\"@type\":\"SearchAction\",\"target\":{\"@type\":\"EntryPoint\",\"urlTemplate\":\"https:\/\/labtd.campeche.gob.mx\/?s={search_term_string}\"},\"query-input\":{\"@type\":\"PropertyValueSpecification\",\"valueRequired\":true,\"valueName\":\"search_term_string\"}}],\"inLanguage\":\"es\"},{\"@type\":\"Organization\",\"@id\":\"https:\/\/labtd.campeche.gob.mx\/#organization\",\"name\":\"Laboratorios de Transformaci\u00f3n Digital\",\"url\":\"https:\/\/labtd.campeche.gob.mx\/\",\"logo\":{\"@type\":\"ImageObject\",\"inLanguage\":\"es\",\"@id\":\"https:\/\/labtd.campeche.gob.mx\/#\/schema\/logo\/image\/\",\"url\":\"https:\/\/labtd.campeche.gob.mx\/wp-content\/uploads\/Logo_home.png\",\"contentUrl\":\"https:\/\/labtd.campeche.gob.mx\/wp-content\/uploads\/Logo_home.png\",\"width\":538,\"height\":250,\"caption\":\"Laboratorios de Transformaci\u00f3n Digital\"},\"image\":{\"@id\":\"https:\/\/labtd.campeche.gob.mx\/#\/schema\/logo\/image\/\"},\"sameAs\":[\"https:\/\/www.facebook.com\/profile.php?id=100083646365288\",\"https:\/\/x.com\/ConectCampeche\",\"https:\/\/www.youtube.com\/@conectividadparatodos\"]}]}<\/script>\n<!-- \/ Yoast SEO plugin. -->","yoast_head_json":{"title":"Desaf\u00edos - Laboratorios de Transformaci\u00f3n Digital","robots":{"index":"index","follow":"follow","max-snippet":"max-snippet:-1","max-image-preview":"max-image-preview:large","max-video-preview":"max-video-preview:-1"},"canonical":"https:\/\/labtd.campeche.gob.mx\/?page_id=1611","og_locale":"es_ES","og_type":"article","og_title":"Desaf\u00edos - Laboratorios de Transformaci\u00f3n Digital","og_description":"Desaf\u00edosPrimer paso: Instalaci\u00f3n de la Infraestructura digital p\u00fablica.El proyecto ya instal\u00f3 la Infraestructura Digital P\u00fablica necesaria para el acceso a internet, creando dos servicios, que cubren 300 localidades en las que vive el 92% de la poblaci\u00f3n de Campeche: La Red Dorsal Estatal de fibra \u00f3ptica, que conecta los centros urbanos y una Red Inal\u00e1mbrica [&hellip;]","og_site_name":"Laboratorios de Transformaci\u00f3n Digital","article_publisher":"https:\/\/www.facebook.com\/profile.php?id=100083646365288","article_modified_time":"2026-02-13T21:48:35+00:00","twitter_card":"summary_large_image","twitter_site":"@ConectCampeche","twitter_misc":{"Tiempo de lectura":"6 minutos"},"schema":{"@context":"https:\/\/schema.org","@graph":[{"@type":"WebPage","@id":"https:\/\/labtd.campeche.gob.mx\/?page_id=1611","url":"https:\/\/labtd.campeche.gob.mx\/?page_id=1611","name":"Desaf\u00edos - Laboratorios de Transformaci\u00f3n Digital","isPartOf":{"@id":"https:\/\/labtd.campeche.gob.mx\/#website"},"datePublished":"2024-01-29T17:45:40+00:00","dateModified":"2026-02-13T21:48:35+00:00","breadcrumb":{"@id":"https:\/\/labtd.campeche.gob.mx\/?page_id=1611#breadcrumb"},"inLanguage":"es","potentialAction":[{"@type":"ReadAction","target":["https:\/\/labtd.campeche.gob.mx\/?page_id=1611"]}]},{"@type":"BreadcrumbList","@id":"https:\/\/labtd.campeche.gob.mx\/?page_id=1611#breadcrumb","itemListElement":[{"@type":"ListItem","position":1,"name":"Portada","item":"https:\/\/labtd.campeche.gob.mx\/"},{"@type":"ListItem","position":2,"name":"Desaf\u00edos"}]},{"@type":"WebSite","@id":"https:\/\/labtd.campeche.gob.mx\/#website","url":"https:\/\/labtd.campeche.gob.mx\/","name":"LABTD","description":"Digitalizaci\u00f3n para el desarrollo integral de Campeche.","publisher":{"@id":"https:\/\/labtd.campeche.gob.mx\/#organization"},"potentialAction":[{"@type":"SearchAction","target":{"@type":"EntryPoint","urlTemplate":"https:\/\/labtd.campeche.gob.mx\/?s={search_term_string}"},"query-input":{"@type":"PropertyValueSpecification","valueRequired":true,"valueName":"search_term_string"}}],"inLanguage":"es"},{"@type":"Organization","@id":"https:\/\/labtd.campeche.gob.mx\/#organization","name":"Laboratorios de Transformaci\u00f3n Digital","url":"https:\/\/labtd.campeche.gob.mx\/","logo":{"@type":"ImageObject","inLanguage":"es","@id":"https:\/\/labtd.campeche.gob.mx\/#\/schema\/logo\/image\/","url":"https:\/\/labtd.campeche.gob.mx\/wp-content\/uploads\/Logo_home.png","contentUrl":"https:\/\/labtd.campeche.gob.mx\/wp-content\/uploads\/Logo_home.png","width":538,"height":250,"caption":"Laboratorios de Transformaci\u00f3n Digital"},"image":{"@id":"https:\/\/labtd.campeche.gob.mx\/#\/schema\/logo\/image\/"},"sameAs":["https:\/\/www.facebook.com\/profile.php?id=100083646365288","https:\/\/x.com\/ConectCampeche","https:\/\/www.youtube.com\/@conectividadparatodos"]}]}},"_links":{"self":[{"href":"https:\/\/labtd.campeche.gob.mx\/index.php?rest_route=\/wp\/v2\/pages\/1611","targetHints":{"allow":["GET"]}}],"collection":[{"href":"https:\/\/labtd.campeche.gob.mx\/index.php?rest_route=\/wp\/v2\/pages"}],"about":[{"href":"https:\/\/labtd.campeche.gob.mx\/index.php?rest_route=\/wp\/v2\/types\/page"}],"author":[{"embeddable":true,"href":"https:\/\/labtd.campeche.gob.mx\/index.php?rest_route=\/wp\/v2\/users\/1"}],"replies":[{"embeddable":true,"href":"https:\/\/labtd.campeche.gob.mx\/index.php?rest_route=%2Fwp%2Fv2%2Fcomments&post=1611"}],"version-history":[{"count":16,"href":"https:\/\/labtd.campeche.gob.mx\/index.php?rest_route=\/wp\/v2\/pages\/1611\/revisions"}],"predecessor-version":[{"id":2278,"href":"https:\/\/labtd.campeche.gob.mx\/index.php?rest_route=\/wp\/v2\/pages\/1611\/revisions\/2278"}],"wp:attachment":[{"href":"https:\/\/labtd.campeche.gob.mx\/index.php?rest_route=%2Fwp%2Fv2%2Fmedia&parent=1611"}],"curies":[{"name":"wp","href":"https:\/\/api.w.org\/{rel}","templated":true}]}}